{"id":1542,"date":"2025-06-04T22:14:26","date_gmt":"2025-06-04T22:14:26","guid":{"rendered":"https:\/\/santareliquiawines.com\/?page_id=1542"},"modified":"2025-07-30T11:11:37","modified_gmt":"2025-07-30T11:11:37","slug":"politica-de-privacidade","status":"publish","type":"page","link":"https:\/\/santareliquiawines.com\/es\/politica-de-privacidade\/","title":{"rendered":"Pol\u00edtica de privacidad"},"content":{"rendered":"<div data-elementor-type=\"wp-page\" data-elementor-id=\"1542\" class=\"elementor elementor-1542\">\n\t\t\t\t\t\t<section class=\"elementor-section elementor-top-section elementor-element elementor-element-61408cd7 elementor-section-height-min-height elementor-section-boxed elementor-section-height-default elementor-section-items-middle wpr-particle-no wpr-jarallax-no wpr-parallax-no wpr-sticky-section-no wpr-equal-height-no\" data-id=\"61408cd7\" data-element_type=\"section\" data-e-type=\"section\" data-settings=\"{&quot;background_background&quot;:&quot;classic&quot;,&quot;shape_divider_bottom&quot;:&quot;waves&quot;}\">\n\t\t\t\t\t\t\t<div class=\"elementor-background-overlay\"><\/div>\n\t\t\t\t\t\t<div class=\"elementor-shape elementor-shape-bottom\" aria-hidden=\"true\" data-negative=\"false\">\n\t\t\t<svg xmlns=\"http:\/\/www.w3.org\/2000\/svg\" viewbox=\"0 0 1000 100\" preserveaspectratio=\"none\">\n\t<path class=\"elementor-shape-fill\" d=\"M421.9,6.5c22.6-2.5,51.5,0.4,75.5,5.3c23.6,4.9,70.9,23.5,100.5,35.7c75.8,32.2,133.7,44.5,192.6,49.7\tc23.6,2.1,48.7,3.5,103.4-2.5c54.7-6,106.2-25.6,106.2-25.6V0H0v30.3c0,0,72,32.6,158.4,30.5c39.2-0.7,92.8-6.7,134-22.4\tc21.2-8.1,52.2-18.2,79.7-24.2C399.3,7.9,411.6,7.5,421.9,6.5z\"\/>\n<\/svg>\t\t<\/div>\n\t\t\t\t\t<div class=\"elementor-container elementor-column-gap-default\">\n\t\t\t\t\t<div class=\"elementor-column elementor-col-100 elementor-top-column elementor-element elementor-element-5ba00e22\" data-id=\"5ba00e22\" data-element_type=\"column\" data-e-type=\"column\">\n\t\t\t<div class=\"elementor-widget-wrap elementor-element-populated\">\n\t\t\t\t\t\t<div class=\"elementor-element elementor-element-2f2d6b5b elementor-widget elementor-widget-heading\" data-id=\"2f2d6b5b\" data-element_type=\"widget\" data-e-type=\"widget\" data-widget_type=\"heading.default\">\n\t\t\t\t<div class=\"elementor-widget-container\">\n\t\t\t\t\t<h2 class=\"elementor-heading-title elementor-size-default\">Pol\u00edtica de privacidad<\/h2>\t\t\t\t<\/div>\n\t\t\t\t<\/div>\n\t\t\t\t\t<\/div>\n\t\t<\/div>\n\t\t\t\t\t<\/div>\n\t\t<\/section>\n\t\t\t\t<section class=\"elementor-section elementor-top-section elementor-element elementor-element-614bf552 elementor-section-boxed elementor-section-height-default elementor-section-height-default wpr-particle-no wpr-jarallax-no wpr-parallax-no wpr-sticky-section-no wpr-equal-height-no\" data-id=\"614bf552\" data-element_type=\"section\" data-e-type=\"section\">\n\t\t\t\t\t\t<div class=\"elementor-container elementor-column-gap-default\">\n\t\t\t\t\t<div class=\"elementor-column elementor-col-100 elementor-top-column elementor-element elementor-element-1cb438d1\" data-id=\"1cb438d1\" data-element_type=\"column\" data-e-type=\"column\">\n\t\t\t<div class=\"elementor-widget-wrap elementor-element-populated\">\n\t\t\t\t\t\t<div class=\"elementor-element elementor-element-4613b10c elementor-widget elementor-widget-text-editor\" data-id=\"4613b10c\" data-element_type=\"widget\" data-e-type=\"widget\" data-widget_type=\"text-editor.default\">\n\t\t\t\t<div class=\"elementor-widget-container\">\n\t\t\t\t\t\t\t\t\t<div class=\"elementor-element elementor-element-0e039fd elementor-widget elementor-widget-heading\" data-id=\"0e039fd\" data-element_type=\"widget\" data-widget_type=\"heading.default\"><div class=\"elementor-widget-container\"><h1 class=\"elementor-heading-title elementor-size-default\"><strong>Qui\u00e9nes somos<\/strong><\/h1><\/div><\/div><div class=\"elementor-element elementor-element-d637783 elementor-widget elementor-widget-text-editor\" data-id=\"d637783\" data-element_type=\"widget\" data-widget_type=\"text-editor.default\"><div class=\"elementor-widget-container\"><p data-start=\"140\" data-end=\"503\">Santa Rel\u00edquia es una marca de vinos portuguesa dedicada a la creaci\u00f3n, conservaci\u00f3n y comercializaci\u00f3n de vinos de alta calidad producidos en diversas regiones vin\u00edcolas de prestigio de Portugal.\u00a0<\/p><p data-start=\"505\" data-end=\"710\">Este sitio web - <a class=\"\" href=\"https:\/\/santareliquiawines.com\/es\/\" target=\"_new\" rel=\"noopener\" data-start=\"520\" data-end=\"576\">www.santareliquiawines.com<\/a> - es la plataforma oficial de Santa Rel\u00edquia y est\u00e1 dise\u00f1ada para dar a conocer la marca, sus productos y la venta online de sus cosechas.<\/p><\/div><\/div><div class=\"elementor-element elementor-element-fb27925 elementor-widget elementor-widget-heading\" data-id=\"fb27925\" data-element_type=\"widget\" data-widget_type=\"heading.default\"><div class=\"elementor-widget-container\"><h1 class=\"elementor-heading-title elementor-size-default\"><strong>Datos recogidos mediante formularios<\/strong><\/h1><\/div><\/div><div class=\"elementor-element elementor-element-7b387f4 elementor-widget elementor-widget-text-editor\" data-id=\"7b387f4\" data-element_type=\"widget\" data-widget_type=\"text-editor.default\"><div class=\"elementor-widget-container\"><p>Cuando rellena un formulario en nuestro sitio web, recogemos los datos que nos proporciona, como su nombre, direcci\u00f3n de correo electr\u00f3nico y cualquier otra informaci\u00f3n solicitada en el formulario. Estos datos solo se utilizar\u00e1n para los fines indicados en el momento de la recogida, como responder a su consulta o prestarle el servicio solicitado.<\/p><\/div><\/div><div class=\"elementor-element elementor-element-b3fbd11 elementor-widget elementor-widget-heading\" data-id=\"b3fbd11\" data-element_type=\"widget\" data-widget_type=\"heading.default\"><div class=\"elementor-widget-container\"><h1 class=\"elementor-heading-title elementor-size-default\"><strong>Cookies<\/strong><\/h1><\/div><\/div><div class=\"elementor-element elementor-element-e5c6121 elementor-widget elementor-widget-text-editor\" data-id=\"e5c6121\" data-element_type=\"widget\" data-widget_type=\"text-editor.default\"><div class=\"elementor-widget-container\"><p>Podemos utilizar cookies para mejorar su experiencia de navegaci\u00f3n en el sitio. Estas cookies no recogen datos de identificaci\u00f3n personal y pueden desactivarse en la configuraci\u00f3n de su navegador.<\/p><\/div><\/div><div class=\"elementor-element elementor-element-5e74329 elementor-widget elementor-widget-heading\" data-id=\"5e74329\" data-element_type=\"widget\" data-widget_type=\"heading.default\"><div class=\"elementor-widget-container\"><h1 class=\"elementor-heading-title elementor-size-default\"><strong>Contenido incrustado de otros sitios web<\/strong><\/h1><\/div><\/div><div class=\"elementor-element elementor-element-ea64dc7 elementor-widget elementor-widget-text-editor\" data-id=\"ea64dc7\" data-element_type=\"widget\" data-widget_type=\"text-editor.default\"><div class=\"elementor-widget-container\"><p data-pm-slice=\"1 1 []\">Los art\u00edculos de este sitio pueden incluir contenido incrustado (por ejemplo, v\u00eddeos, im\u00e1genes, art\u00edculos, etc.). El contenido incrustado de otros sitios web se comporta exactamente igual que si el visitante hubiera visitado el otro sitio web.<\/p><p>Estos sitios web pueden recopilar datos sobre usted, utilizar cookies, incrustar seguimiento adicional de terceros y supervisar su interacci\u00f3n con ese contenido incrustado, incluido el seguimiento de su interacci\u00f3n con el contenido incrustado si tiene una cuenta y ha iniciado sesi\u00f3n en ese sitio web.<\/p><\/div><\/div><div class=\"elementor-element elementor-element-2a5ad80 elementor-widget elementor-widget-heading\" data-id=\"2a5ad80\" data-element_type=\"widget\" data-widget_type=\"heading.default\"><div class=\"elementor-widget-container\"><h1 class=\"elementor-heading-title elementor-size-default\"><strong>Con qui\u00e9n compartimos sus datos<\/strong><\/h1><\/div><\/div><div class=\"elementor-element elementor-element-740398e elementor-widget elementor-widget-text-editor\" data-id=\"740398e\" data-element_type=\"widget\" data-widget_type=\"text-editor.default\"><div class=\"elementor-widget-container\"><p>Los datos facilitados a trav\u00e9s de los formularios se utilizan exclusivamente para los fines indicados y no se comparten con terceros, salvo cuando sea necesario para cumplir obligaciones legales o prestar el servicio solicitado.<\/p><\/div><\/div><div class=\"elementor-element elementor-element-75b74f2 elementor-widget elementor-widget-heading\" data-id=\"75b74f2\" data-element_type=\"widget\" data-widget_type=\"heading.default\"><div class=\"elementor-widget-container\"><h1 class=\"elementor-heading-title elementor-size-default\"><strong>Cu\u00e1nto tiempo conservamos sus datos<\/strong><\/h1><\/div><\/div><div class=\"elementor-element elementor-element-f0a317f elementor-widget elementor-widget-text-editor\" data-id=\"f0a317f\" data-element_type=\"widget\" data-widget_type=\"text-editor.default\"><div class=\"elementor-widget-container\"><p>Los datos facilitados a trav\u00e9s de los formularios s\u00f3lo se conservar\u00e1n el tiempo necesario para cumplir la finalidad para la que fueron recabados o para cumplir obligaciones legales.<\/p><\/div><\/div><div class=\"elementor-element elementor-element-4f1d4fb elementor-widget elementor-widget-heading\" data-id=\"4f1d4fb\" data-element_type=\"widget\" data-widget_type=\"heading.default\"><div class=\"elementor-widget-container\"><h1 class=\"elementor-heading-title elementor-size-default\"><strong>Qu\u00e9 derechos tiene sobre sus datos<\/strong><\/h1><\/div><\/div><div class=\"elementor-element elementor-element-7e25840 elementor-widget elementor-widget-text-editor\" data-id=\"7e25840\" data-element_type=\"widget\" data-widget_type=\"text-editor.default\"><div class=\"elementor-widget-container\"><p>Puede solicitar que le enviemos un archivo exportado de los datos personales que tenemos sobre usted, incluidos los que nos haya facilitado a trav\u00e9s de los formularios. Tambi\u00e9n puede solicitar que eliminemos cualquier dato personal que tengamos sobre usted. Esto no incluye los datos que estamos obligados a conservar por motivos administrativos, legales o de seguridad.<\/p><\/div><\/div><div class=\"elementor-element elementor-element-68d6937 elementor-widget elementor-widget-heading\" data-id=\"68d6937\" data-element_type=\"widget\" data-widget_type=\"heading.default\"><div class=\"elementor-widget-container\"><h1 class=\"elementor-heading-title elementor-size-default\"><strong>D\u00f3nde enviamos sus datos<\/strong><\/h1><\/div><\/div><div class=\"elementor-element elementor-element-020e0d0 elementor-widget elementor-widget-text-editor\" data-id=\"020e0d0\" data-element_type=\"widget\" data-widget_type=\"text-editor.default\"><div class=\"elementor-widget-container\"><div class=\"elementor-element elementor-element-ce0e6b4 elementor-widget elementor-widget-text-editor\" data-id=\"ce0e6b4\" data-element_type=\"widget\" data-widget_type=\"text-editor.default\"><div class=\"elementor-widget-container\"><p data-pm-slice=\"1 1 []\">Los datos recogidos a trav\u00e9s de los formularios pueden ser verificados por un servicio automatizado de detecci\u00f3n de spam.<\/p><p data-pm-slice=\"1 1 []\">\u00a0<\/p><\/div><\/div><\/div><\/div><div class=\"elementor-element elementor-element-5ceb880 elementor-widget elementor-widget-heading\" data-id=\"5ceb880\" data-element_type=\"widget\" data-widget_type=\"heading.default\"><div class=\"elementor-widget-container\"><h1 class=\"elementor-heading-title elementor-size-default\"><strong>Sus datos de contacto<\/strong><\/h1><\/div><\/div><div class=\"elementor-element elementor-element-24f73df elementor-widget elementor-widget-text-editor\" data-id=\"24f73df\" data-element_type=\"widget\" data-widget_type=\"text-editor.default\"><div class=\"elementor-widget-container\"><div class=\"elementor-element elementor-element-ce0e6b4 elementor-widget elementor-widget-text-editor\" data-id=\"ce0e6b4\" data-element_type=\"widget\" data-widget_type=\"text-editor.default\"><div class=\"elementor-widget-container\"><p data-pm-slice=\"1 1 []\">Para cualquier pregunta relacionada con la privacidad de sus datos, p\u00f3ngase en contacto con nosotros a trav\u00e9s de nuestra direcci\u00f3n de correo electr\u00f3nico de asistencia disponible en el sitio web.<\/p><p data-pm-slice=\"1 1 []\">\u00a0<\/p><\/div><\/div><\/div><\/div><div class=\"elementor-element elementor-element-41a93b0 elementor-widget elementor-widget-heading\" data-id=\"41a93b0\" data-element_type=\"widget\" data-widget_type=\"heading.default\"><div class=\"elementor-widget-container\"><h1 class=\"elementor-heading-title elementor-size-default\"><strong>Informaci\u00f3n complementaria<\/strong><\/h1><\/div><\/div><div class=\"elementor-element elementor-element-31508a6 elementor-widget elementor-widget-text-editor\" data-id=\"31508a6\" data-element_type=\"widget\" data-widget_type=\"text-editor.default\"><div class=\"elementor-widget-container\"><div class=\"elementor-element elementor-element-b2e4681 elementor-widget elementor-widget-text-editor\" data-id=\"b2e4681\" data-element_type=\"widget\" data-widget_type=\"text-editor.default\"><div class=\"elementor-widget-container\"><p data-pm-slice=\"1 1 []\"><strong>C\u00f3mo protegemos sus datos:<\/strong>\u00a0Hemos aplicado medidas de seguridad t\u00e9cnicas y organizativas para proteger sus datos contra el acceso no autorizado, la p\u00e9rdida o la destrucci\u00f3n.<\/p><\/div><\/div><div class=\"elementor-element elementor-element-9339cd6 elementor-widget elementor-widget-text-editor\" data-id=\"9339cd6\" data-element_type=\"widget\" data-widget_type=\"text-editor.default\"><div class=\"elementor-widget-container\"><p data-pm-slice=\"1 1 []\"><strong>Qu\u00e9 procedimientos tenemos en caso de violaci\u00f3n de datos:<\/strong>\u00a0En caso de violaci\u00f3n, notificaremos a las autoridades competentes y a los usuarios afectados dentro del plazo legalmente establecido.<\/p><p data-pm-slice=\"1 1 []\"><strong>De qu\u00e9 terceros recibimos datos:<\/strong>\u00a0No recibimos datos de terceros.<\/p><p><strong>Qu\u00e9 toma de decisiones automatizada y\/o elaboraci\u00f3n de perfiles hacemos con los datos de los usuarios:<\/strong>\u00a0No utilizamos la toma de decisiones automatizada ni la elaboraci\u00f3n de perfiles basados en los datos de los usuarios.<\/p><p><strong>Requisitos de divulgaci\u00f3n de la normativa del sector:<\/strong>\u00a0Cumplimos la normativa aplicable en materia de privacidad, incluido el GDPR.<\/p><\/div><\/div><\/div><\/div>\t\t\t\t\t\t\t\t<\/div>\n\t\t\t\t<\/div>\n\t\t\t\t\t<\/div>\n\t\t<\/div>\n\t\t\t\t\t<\/div>\n\t\t<\/section>\n\t\t\t\t<\/div>","protected":false},"excerpt":{"rendered":"<p>Pol\u00edtica de Privacidade Quem somos Santa Rel\u00edquia \u00e9 uma marca portuguesa de vinhos que se dedica \u00e0 cria\u00e7\u00e3o, curadoria e comercializa\u00e7\u00e3o de vinhos de elevada qualidade, produzidos em v\u00e1rias regi\u00f5es vin\u00edcolas de prest\u00edgio em Portugal.\u00a0 Este website \u2014 www.santareliquiawines.com \u2014 \u00e9 a plataforma oficial da Santa Rel\u00edquia e destina-se \u00e0 divulga\u00e7\u00e3o da marca, dos seus produtos e \u00e0 venda online das suas colheitas. Dados recolhidos atrav\u00e9s de formul\u00e1rios Quando preenche um formul\u00e1rio no nosso site, recolhemos os dados fornecidos, como nome, endere\u00e7o de email e qualquer outra informa\u00e7\u00e3o solicitada no formul\u00e1rio. Estes dados ser\u00e3o utilizados apenas para os fins indicados no momento da recolha, como responder \u00e0 sua solicita\u00e7\u00e3o ou fornecer o servi\u00e7o solicitado. Cookies Podemos utilizar cookies para melhorar a sua experi\u00eancia de navega\u00e7\u00e3o no site. Estes cookies n\u00e3o recolhem dados pessoais identific\u00e1veis e podem ser desativados nas configura\u00e7\u00f5es do seu navegador. Conte\u00fado incorporado de outros websites Os artigos neste site podem incluir conte\u00fado incorporado (por exemplo, v\u00eddeos, imagens, artigos, etc.). O conte\u00fado incorporado de outros websites comporta-se exatamente da mesma maneira como se o visitante tivesse visitado o outro website. Estes websites podem recolher dados sobre si, usar cookies, incorporar rastreamento adicional de terceiros e monitorizar a sua intera\u00e7\u00e3o com esse conte\u00fado incorporado, incluindo o rastreamento da sua intera\u00e7\u00e3o com o conte\u00fado incorporado se tiver uma conta e estiver com sess\u00e3o iniciada nesse website. Com quem partilhamos os seus dados Os dados fornecidos atrav\u00e9s dos formul\u00e1rios s\u00e3o utilizados exclusivamente para os fins indicados e n\u00e3o s\u00e3o partilhados com terceiros, exceto quando necess\u00e1rio para cumprir obriga\u00e7\u00f5es legais ou fornecer o servi\u00e7o solicitado. Por quanto tempo retemos os seus dados Os dados fornecidos atrav\u00e9s dos formul\u00e1rios ser\u00e3o mantidos apenas pelo tempo necess\u00e1rio para atender ao prop\u00f3sito para o qual foram recolhidos ou para cumprir obriga\u00e7\u00f5es legais. Quais os seus direitos sobre os seus dados Pode solicitar para receber um ficheiro exportado dos dados pessoais que mantemos sobre si, incluindo quaisquer dados que nos tenha fornecido atrav\u00e9s dos formul\u00e1rios. Tamb\u00e9m pode solicitar que apaguemos quaisquer dados pessoais que mantemos sobre si. Isto n\u00e3o inclui quaisquer dados que sejamos obrigados a manter para fins administrativos, legais ou de seguran\u00e7a. Para onde enviamos os seus dados Os dados recolhidos atrav\u00e9s de formul\u00e1rios podem ser verificados atrav\u00e9s de um servi\u00e7o automatizado de dete\u00e7\u00e3o de spam. \u00a0 As suas informa\u00e7\u00f5es de contacto Para qualquer quest\u00e3o relacionada com a privacidade dos seus dados, por favor entre em contacto connosco atrav\u00e9s do nosso email de suporte dispon\u00edvel no site. \u00a0 Informa\u00e7\u00f5es adicionais Como protegemos os seus dados:\u00a0Implementamos medidas de seguran\u00e7a t\u00e9cnicas e organizacionais para proteger os seus dados contra acesso n\u00e3o autorizado, perda ou destrui\u00e7\u00e3o. Que procedimentos temos em caso de viola\u00e7\u00f5es de dados:\u00a0Em caso de viola\u00e7\u00e3o, notificaremos as autoridades competentes e os utilizadores afetados dentro do prazo legalmente estabelecido. De quais terceiros recebemos dados:\u00a0N\u00e3o recebemos dados de terceiros. Que tomada de decis\u00e3o automatizada e\/ou defini\u00e7\u00e3o de perfil fazemos com os dados dos utilizadores:\u00a0N\u00e3o utilizamos tomadas de decis\u00e3o automatizadas nem defini\u00e7\u00f5es de perfil com base nos dados dos utilizadores. Requisitos de divulga\u00e7\u00e3o regulamentar da ind\u00fastria:\u00a0Estamos em conformidade com as regulamenta\u00e7\u00f5es de privacidade aplic\u00e1veis, incluindo o RGPD.<\/p>","protected":false},"author":1,"featured_media":0,"parent":0,"menu_order":0,"comment_status":"closed","ping_status":"closed","template":"","meta":{"_eb_attr":"","_joinchat":[],"footnotes":""},"class_list":["post-1542","page","type-page","status-publish","hentry"],"_links":{"self":[{"href":"https:\/\/santareliquiawines.com\/es\/wp-json\/wp\/v2\/pages\/1542","targetHints":{"allow":["GET"]}}],"collection":[{"href":"https:\/\/santareliquiawines.com\/es\/wp-json\/wp\/v2\/pages"}],"about":[{"href":"https:\/\/santareliquiawines.com\/es\/wp-json\/wp\/v2\/types\/page"}],"author":[{"embeddable":true,"href":"https:\/\/santareliquiawines.com\/es\/wp-json\/wp\/v2\/users\/1"}],"replies":[{"embeddable":true,"href":"https:\/\/santareliquiawines.com\/es\/wp-json\/wp\/v2\/comments?post=1542"}],"version-history":[{"count":35,"href":"https:\/\/santareliquiawines.com\/es\/wp-json\/wp\/v2\/pages\/1542\/revisions"}],"predecessor-version":[{"id":3243,"href":"https:\/\/santareliquiawines.com\/es\/wp-json\/wp\/v2\/pages\/1542\/revisions\/3243"}],"wp:attachment":[{"href":"https:\/\/santareliquiawines.com\/es\/wp-json\/wp\/v2\/media?parent=1542"}],"curies":[{"name":"wp","href":"https:\/\/api.w.org\/{rel}","templated":true}]}}