{"id":3010,"date":"2025-07-14T21:17:59","date_gmt":"2025-07-14T21:17:59","guid":{"rendered":"https:\/\/santareliquiawines.com\/?post_type=product&#038;p=3010"},"modified":"2025-07-22T21:48:08","modified_gmt":"2025-07-22T21:48:08","slug":"cabaz-de-alentejo","status":"publish","type":"product","link":"https:\/\/santareliquiawines.com\/es\/product\/cabaz-de-alentejo\/","title":{"rendered":"Cesta del Alentejo"},"content":{"rendered":"<p data-start=\"112\" data-end=\"264\">Explore los aut\u00e9nticos sabores del Alentejo con esta exclusiva selecci\u00f3n de dos vinos que representan la frescura y la elegancia de la regi\u00f3n. Esta cesta incluye:<\/p>\n<ul data-start=\"266\" data-end=\"677\">\n<li data-start=\"266\" data-end=\"487\">\n<p data-start=\"268\" data-end=\"487\">Blanco Regional Alentejano - Un blanco arom\u00e1tico, c\u00edtrico y vibrante elaborado con las variedades Ant\u00e3o Vaz, Verdelho y Arinto. Con notas tropicales y acidez equilibrada, es ideal para acompa\u00f1ar mariscos y platos veraniegos.<\/p>\n<\/li>\n<li data-start=\"489\" data-end=\"677\">\n<p data-start=\"491\" data-end=\"677\">Tinto Regional Alentejano - Un tinto con cuerpo y seductor que combina notas de fruta roja madura con suaves especias, expresando la calidez y el car\u00e1cter de los vi\u00f1edos del Alentejo.<\/p>\n<\/li>\n<\/ul>\n<p data-start=\"679\" data-end=\"813\">Esta cesta es la elecci\u00f3n ideal para quienes desean saborear la diversidad y la calidad de los vinos del Alentejo, con un toque de sofisticaci\u00f3n.<\/p>","protected":false},"excerpt":{"rendered":"<p>Explore os sabores aut\u00eanticos do Alentejo com esta sele\u00e7\u00e3o exclusiva de dois vinhos que representam a frescura e eleg\u00e2ncia da regi\u00e3o. Este cabaz inclui: Regional Alentejo Branco \u2013 Um branco arom\u00e1tico, c\u00edtrico e vibrante, elaborado com as castas Ant\u00e3o Vaz, Verdelho e Arinto. Com notas tropicais e acidez equilibrada, \u00e9 ideal para acompanhar mariscos e pratos de ver\u00e3o. Regional Alentejo Tinto \u2013 Um tinto encorpado e sedutor, que combina notas de frutos vermelhos maduros com especiarias suaves, expressando o calor e o car\u00e1cter das vinhas alentejanas. Este cabaz \u00e9 a escolha ideal para quem deseja conhecer a diversidade e qualidade dos vinhos alentejanos, com um toque de sofistica\u00e7\u00e3o.<\/p>","protected":false},"featured_media":3013,"comment_status":"open","ping_status":"closed","template":"","meta":{"_eb_attr":"","_joinchat":[]},"product_brand":[],"product_cat":[49],"product_tag":[],"class_list":{"0":"post-3010","1":"product","2":"type-product","3":"status-publish","4":"has-post-thumbnail","6":"product_cat-selecoes-santa-reliquia","8":"first","9":"instock","10":"taxable","11":"shipping-taxable","12":"purchasable","13":"product-type-simple"},"_links":{"self":[{"href":"https:\/\/santareliquiawines.com\/es\/wp-json\/wp\/v2\/product\/3010","targetHints":{"allow":["GET"]}}],"collection":[{"href":"https:\/\/santareliquiawines.com\/es\/wp-json\/wp\/v2\/product"}],"about":[{"href":"https:\/\/santareliquiawines.com\/es\/wp-json\/wp\/v2\/types\/product"}],"replies":[{"embeddable":true,"href":"https:\/\/santareliquiawines.com\/es\/wp-json\/wp\/v2\/comments?post=3010"}],"wp:featuredmedia":[{"embeddable":true,"href":"https:\/\/santareliquiawines.com\/es\/wp-json\/wp\/v2\/media\/3013"}],"wp:attachment":[{"href":"https:\/\/santareliquiawines.com\/es\/wp-json\/wp\/v2\/media?parent=3010"}],"wp:term":[{"taxonomy":"product_brand","embeddable":true,"href":"https:\/\/santareliquiawines.com\/es\/wp-json\/wp\/v2\/product_brand?post=3010"},{"taxonomy":"product_cat","embeddable":true,"href":"https:\/\/santareliquiawines.com\/es\/wp-json\/wp\/v2\/product_cat?post=3010"},{"taxonomy":"product_tag","embeddable":true,"href":"https:\/\/santareliquiawines.com\/es\/wp-json\/wp\/v2\/product_tag?post=3010"}],"curies":[{"name":"wp","href":"https:\/\/api.w.org\/{rel}","templated":true}]}}