{"id":3058,"date":"2025-07-15T10:42:58","date_gmt":"2025-07-15T10:42:58","guid":{"rendered":"https:\/\/santareliquiawines.com\/?post_type=product&#038;p=3058"},"modified":"2025-07-22T21:46:29","modified_gmt":"2025-07-22T21:46:29","slug":"cabaz-de-alentejo-plus","status":"publish","type":"product","link":"https:\/\/santareliquiawines.com\/es\/product\/cabaz-de-alentejo-plus\/","title":{"rendered":"Cesta Alentejo Plus"},"content":{"rendered":"<p data-start=\"831\" data-end=\"1021\">Descubra el car\u00e1cter de la regi\u00f3n del Alentejo a trav\u00e9s de tres vinos que reflejan su autenticidad. Esta cesta incluye dos tintos regionales de Alentejo y un blanco regional de Alentejo:<\/p>\n<ul data-start=\"1023\" data-end=\"1265\">\n<li data-start=\"1023\" data-end=\"1136\">\n<p data-start=\"1025\" data-end=\"1136\">Tinto Regional Alentejano - Una mezcla con cuerpo, equilibrada, con taninos suaves y notas de fruta madura.<\/p>\n<\/li>\n<li data-start=\"1137\" data-end=\"1265\">\n<p data-start=\"1139\" data-end=\"1265\">Alentejo Regional Blanco - Un blanco arom\u00e1tico con notas tropicales y frescura vibrante. Excelente para platos de verano.<\/p>\n<\/li>\n<\/ul>\n<p data-start=\"1267\" data-end=\"1324\">Una combinaci\u00f3n que expresa la riqueza del sur de Portugal.<\/p>","protected":false},"excerpt":{"rendered":"<p>Descubra o car\u00e1cter da regi\u00e3o alentejana atrav\u00e9s de tr\u00eas vinhos que refletem a sua autenticidade. Este cabaz inclui dois Tintos Regionais Alentejanos e um Branco Regional Alentejano: Tinto Regional Alentejano \u2013 Um blend encorpado e equilibrado, com taninos suaves e notas de fruta madura. Branco Regional Alentejano \u2013 Um branco arom\u00e1tico, com notas tropicais e frescura vibrante. Excelente para pratos de ver\u00e3o. Uma combina\u00e7\u00e3o que expressa a riqueza do sul de Portugal.<\/p>","protected":false},"featured_media":3056,"comment_status":"open","ping_status":"closed","template":"","meta":{"_eb_attr":"","_joinchat":[]},"product_brand":[],"product_cat":[49],"product_tag":[],"class_list":{"0":"post-3058","1":"product","2":"type-product","3":"status-publish","4":"has-post-thumbnail","6":"product_cat-selecoes-santa-reliquia","8":"first","9":"instock","10":"taxable","11":"shipping-taxable","12":"purchasable","13":"product-type-simple"},"_links":{"self":[{"href":"https:\/\/santareliquiawines.com\/es\/wp-json\/wp\/v2\/product\/3058","targetHints":{"allow":["GET"]}}],"collection":[{"href":"https:\/\/santareliquiawines.com\/es\/wp-json\/wp\/v2\/product"}],"about":[{"href":"https:\/\/santareliquiawines.com\/es\/wp-json\/wp\/v2\/types\/product"}],"replies":[{"embeddable":true,"href":"https:\/\/santareliquiawines.com\/es\/wp-json\/wp\/v2\/comments?post=3058"}],"wp:featuredmedia":[{"embeddable":true,"href":"https:\/\/santareliquiawines.com\/es\/wp-json\/wp\/v2\/media\/3056"}],"wp:attachment":[{"href":"https:\/\/santareliquiawines.com\/es\/wp-json\/wp\/v2\/media?parent=3058"}],"wp:term":[{"taxonomy":"product_brand","embeddable":true,"href":"https:\/\/santareliquiawines.com\/es\/wp-json\/wp\/v2\/product_brand?post=3058"},{"taxonomy":"product_cat","embeddable":true,"href":"https:\/\/santareliquiawines.com\/es\/wp-json\/wp\/v2\/product_cat?post=3058"},{"taxonomy":"product_tag","embeddable":true,"href":"https:\/\/santareliquiawines.com\/es\/wp-json\/wp\/v2\/product_tag?post=3058"}],"curies":[{"name":"wp","href":"https:\/\/api.w.org\/{rel}","templated":true}]}}