{"id":2868,"date":"2025-07-11T14:16:28","date_gmt":"2025-07-11T14:16:28","guid":{"rendered":"https:\/\/santareliquiawines.com\/?page_id=2868"},"modified":"2025-07-30T11:13:52","modified_gmt":"2025-07-30T11:13:52","slug":"reembolso-devolucoes","status":"publish","type":"page","link":"https:\/\/santareliquiawines.com\/fr\/reembolso-devolucoes\/","title":{"rendered":"Politique de remboursement \/ retour"},"content":{"rendered":"<div data-elementor-type=\"wp-page\" data-elementor-id=\"2868\" class=\"elementor elementor-2868\">\n\t\t\t\t\t\t<section class=\"elementor-section elementor-top-section elementor-element elementor-element-61408cd7 elementor-section-height-min-height elementor-section-boxed elementor-section-height-default elementor-section-items-middle wpr-particle-no wpr-jarallax-no wpr-parallax-no wpr-sticky-section-no wpr-equal-height-no\" data-id=\"61408cd7\" data-element_type=\"section\" data-e-type=\"section\" data-settings=\"{&quot;background_background&quot;:&quot;classic&quot;,&quot;shape_divider_bottom&quot;:&quot;waves&quot;}\">\n\t\t\t\t\t\t\t<div class=\"elementor-background-overlay\"><\/div>\n\t\t\t\t\t\t<div class=\"elementor-shape elementor-shape-bottom\" aria-hidden=\"true\" data-negative=\"false\">\n\t\t\t<svg xmlns=\"http:\/\/www.w3.org\/2000\/svg\" viewbox=\"0 0 1000 100\" preserveaspectratio=\"none\">\n\t<path class=\"elementor-shape-fill\" d=\"M421.9,6.5c22.6-2.5,51.5,0.4,75.5,5.3c23.6,4.9,70.9,23.5,100.5,35.7c75.8,32.2,133.7,44.5,192.6,49.7\tc23.6,2.1,48.7,3.5,103.4-2.5c54.7-6,106.2-25.6,106.2-25.6V0H0v30.3c0,0,72,32.6,158.4,30.5c39.2-0.7,92.8-6.7,134-22.4\tc21.2-8.1,52.2-18.2,79.7-24.2C399.3,7.9,411.6,7.5,421.9,6.5z\"\/>\n<\/svg>\t\t<\/div>\n\t\t\t\t\t<div class=\"elementor-container elementor-column-gap-default\">\n\t\t\t\t\t<div class=\"elementor-column elementor-col-100 elementor-top-column elementor-element elementor-element-5ba00e22\" data-id=\"5ba00e22\" data-element_type=\"column\" data-e-type=\"column\">\n\t\t\t<div class=\"elementor-widget-wrap elementor-element-populated\">\n\t\t\t\t\t\t<div class=\"elementor-element elementor-element-2f2d6b5b elementor-widget elementor-widget-heading\" data-id=\"2f2d6b5b\" data-element_type=\"widget\" data-e-type=\"widget\" data-widget_type=\"heading.default\">\n\t\t\t\t<div class=\"elementor-widget-container\">\n\t\t\t\t\t<h2 class=\"elementor-heading-title elementor-size-default\">Politique de remboursement et de retour<\/h2>\t\t\t\t<\/div>\n\t\t\t\t<\/div>\n\t\t\t\t\t<\/div>\n\t\t<\/div>\n\t\t\t\t\t<\/div>\n\t\t<\/section>\n\t\t\t\t<section class=\"elementor-section elementor-top-section elementor-element elementor-element-614bf552 elementor-section-boxed elementor-section-height-default elementor-section-height-default wpr-particle-no wpr-jarallax-no wpr-parallax-no wpr-sticky-section-no wpr-equal-height-no\" data-id=\"614bf552\" data-element_type=\"section\" data-e-type=\"section\">\n\t\t\t\t\t\t<div class=\"elementor-container elementor-column-gap-default\">\n\t\t\t\t\t<div class=\"elementor-column elementor-col-100 elementor-top-column elementor-element elementor-element-1cb438d1\" data-id=\"1cb438d1\" data-element_type=\"column\" data-e-type=\"column\">\n\t\t\t<div class=\"elementor-widget-wrap elementor-element-populated\">\n\t\t\t\t\t\t<div class=\"elementor-element elementor-element-4613b10c elementor-widget elementor-widget-text-editor\" data-id=\"4613b10c\" data-element_type=\"widget\" data-e-type=\"widget\" data-widget_type=\"text-editor.default\">\n\t\t\t\t<div class=\"elementor-widget-container\">\n\t\t\t\t\t\t\t\t\t<div class=\"elementor-element elementor-element-0e039fd elementor-widget elementor-widget-heading\" data-id=\"0e039fd\" data-element_type=\"widget\" data-widget_type=\"heading.default\"><div class=\"elementor-widget-container\"><h1 data-start=\"244\" data-end=\"260\"><strong data-start=\"247\" data-end=\"260\">1. les envois<\/strong><\/h1><h5 data-start=\"262\" data-end=\"291\"><em><strong>1.1 Zones de livraison<\/strong><\/em><\/h5><p data-start=\"292\" data-end=\"504\">Tiguimar exp\u00e9die \u00e0 <strong data-start=\"329\" data-end=\"341\">Portugal continental.<\/strong> Les options d'exp\u00e9dition sont pr\u00e9sent\u00e9es lors de la commande, en fonction de la destination et du nombre de bo\u00eetes.<\/p><h5 data-start=\"506\" data-end=\"536\"><em><strong data-start=\"510\" data-end=\"536\">1.2 D\u00e9lais de livraison<\/strong><\/em><\/h5><p data-start=\"539\" data-end=\"582\"><strong data-start=\"539\" data-end=\"564\">Portugal continental :<\/strong> 24 \u00e0 48 heures ouvrables.<\/p><p data-start=\"618\" data-end=\"696\">Les d\u00e9lais sont des estimations et non des garanties. Des retards peuvent survenir pour des raisons ind\u00e9pendantes de la volont\u00e9 de Tiguimar (ex : douanes, gr\u00e8ves, etc.).<\/p><h5 data-start=\"834\" data-end=\"862\"><em><strong data-start=\"838\" data-end=\"862\">1.3 Frais d'exp\u00e9dition<\/strong><\/em><\/h5><p data-start=\"863\" data-end=\"1070\">Les frais de port sont calcul\u00e9s automatiquement \u00e0 la caisse, en fonction de la destination, du poids et du nombre de cartons. Pour les campagnes promotionnelles, il peut y avoir <strong data-start=\"1009\" data-end=\"1027\">livraison gratuite<\/strong> dans les conditions annonc\u00e9es pr\u00e9c\u00e9demment.<\/p><hr data-start=\"1072\" data-end=\"1075\" \/><h1 data-start=\"1077\" data-end=\"1097\"><strong data-start=\"1080\" data-end=\"1097\">2. Retours<\/strong><\/h1><h5 data-start=\"1099\" data-end=\"1148\"><em><strong data-start=\"1103\" data-end=\"1148\">2.1 Droit de libre r\u00e9solution (14 jours)<\/strong><\/em><\/h5><p data-start=\"1149\" data-end=\"1337\">En vertu de la l\u00e9gislation en vigueur (DL n\u00b0 24\/2014), le client a le droit de retourner les produits achet\u00e9s dans un d\u00e9lai de <strong data-start=\"1272\" data-end=\"1283\">14 jours<\/strong> d\u00e8s r\u00e9ception, sans qu'il soit n\u00e9cessaire d'en indiquer le motif.<\/p><p data-start=\"1339\" data-end=\"1369\"><strong>Conditions de retour :<\/strong><\/p><p>Le produit doit \u00eatre <strong data-start=\"1393\" data-end=\"1404\">intacte<\/strong>, <strong data-start=\"1406\" data-end=\"1427\">aucun signe d'utilisation<\/strong> et <strong data-start=\"1433\" data-end=\"1455\">l'emballage d'origine<\/strong>.<\/p><p data-start=\"1459\" data-end=\"1561\">Les produits ne seront pas accept\u00e9s <strong data-start=\"1486\" data-end=\"1497\">ouvert<\/strong>, <strong data-start=\"1499\" data-end=\"1514\">endommag\u00e9<\/strong> ou <strong data-start=\"1518\" data-end=\"1550\">sans les \u00e9l\u00e9ments de protection<\/strong> les originaux.<\/p><p data-start=\"1564\" data-end=\"1690\">Le <strong data-start=\"1567\" data-end=\"1590\">frais de retour<\/strong> sont \u00e0 la charge du client, sauf en cas d'erreur de Tiguimar ou de produit d\u00e9fectueux.<\/p><h5 data-start=\"1692\" data-end=\"1732\"><em><strong data-start=\"1696\" data-end=\"1732\">2.2 Proc\u00e9dure de retour<\/strong><\/em><\/h5><p data-start=\"1733\" data-end=\"1833\">Pour entamer la proc\u00e9dure, envoyez un courriel \u00e0 (tiguimar@sapo.pt) avec les d\u00e9tails suivants :<\/p><p data-start=\"1836\" data-end=\"1855\">Num\u00e9ro de commande<\/p><p data-start=\"1858\" data-end=\"1871\">Nom complet<\/p><p data-start=\"1874\" data-end=\"1904\">Motif du retour (facultatif)<\/p><p data-start=\"1907\" data-end=\"1932\">Photographies, le cas \u00e9ch\u00e9ant<\/p><p data-start=\"1934\" data-end=\"1996\">Vous recevrez l'adresse de retour et les \u00e9tapes suivantes.<\/p><hr data-start=\"1998\" data-end=\"2001\" \/><h1 data-start=\"2003\" data-end=\"2023\"><strong data-start=\"2006\" data-end=\"2023\">3. Remboursements<\/strong><\/h1><h5 data-start=\"2025\" data-end=\"2043\"><em><strong data-start=\"2029\" data-end=\"2043\">3.1 D\u00e9lai<\/strong><\/em><\/h5><p data-start=\"2044\" data-end=\"2205\">Le remboursement sera effectu\u00e9 une fois que les produits retourn\u00e9s auront \u00e9t\u00e9 re\u00e7us et v\u00e9rifi\u00e9s. <strong data-start=\"2124\" data-end=\"2154\">dans un d\u00e9lai maximum de 14 jours<\/strong>en utilisant le m\u00eame mode de paiement que celui utilis\u00e9 pour l'achat.<\/p><p data-start=\"2044\" data-end=\"2205\">Si le produit retourn\u00e9 ne r\u00e9pond pas aux crit\u00e8res susmentionn\u00e9s, nous nous r\u00e9servons le droit de <strong data-start=\"2291\" data-end=\"2331\">refuser le remboursement total ou partiel<\/strong>.<\/p><h5 data-start=\"2334\" data-end=\"2378\"><em><strong data-start=\"2338\" data-end=\"2378\">3.2 Produit endommag\u00e9 ou incorrect<\/strong><\/em><\/h5><p data-start=\"2379\" data-end=\"2591\">Si vous recevez un produit endommag\u00e9 ou diff\u00e9rent de celui que vous avez command\u00e9, veuillez nous contacter. <strong data-start=\"2455\" data-end=\"2479\">dans les 48 heures<\/strong> d\u00e8s r\u00e9ception, avec des photos de l'emballage et du produit. Nous r\u00e9soudrons la situation dans les plus brefs d\u00e9lais.<\/p><hr data-start=\"2593\" data-end=\"2596\" \/><h1 data-start=\"2598\" data-end=\"2614\"><strong data-start=\"2601\" data-end=\"2614\">4. Les \u00e9changes<\/strong><\/h1><p data-start=\"2615\" data-end=\"2779\">Tiguimar <strong data-start=\"2632\" data-end=\"2662\">pas d'\u00e9changes directs<\/strong>. Si vous souhaitez un autre produit, vous devez renvoyer l'original (conform\u00e9ment aux r\u00e8gles ci-dessus) et passer une nouvelle commande.<\/p><hr data-start=\"2781\" data-end=\"2784\" \/><h1 data-start=\"2786\" data-end=\"2804\"><strong data-start=\"2789\" data-end=\"2804\">5. Contact<\/strong><\/h1><p data-start=\"2805\" data-end=\"2901\">Si vous avez des questions concernant l'exp\u00e9dition, les retours ou les remboursements, veuillez nous contacter \u00e0 l'adresse suivante :<\/p><p data-start=\"2903\" data-end=\"2998\"><strong>\ud83d\udce7 tiguimar@sapo.pt<\/strong><br data-start=\"2946\" data-end=\"2949\" \/>\ud83d\udcde <strong>(+351) 219245605<\/strong><\/p><\/div><\/div>\t\t\t\t\t\t\t\t<\/div>\n\t\t\t\t<\/div>\n\t\t\t\t\t<\/div>\n\t\t<\/div>\n\t\t\t\t\t<\/div>\n\t\t<\/section>\n\t\t\t\t<\/div>","protected":false},"excerpt":{"rendered":"<p>Politique de remboursement et de retour 1. livraison 1.1. Zones de livraison Tiguimar livre au Portugal continental. Les options d'exp\u00e9dition sont pr\u00e9sent\u00e9es lors de la commande, en fonction de la destination et du nombre de bo\u00eetes. 1.2. D\u00e9lais de livraison Portugal continental : 24 \u00e0 48 heures ouvrables. Les d\u00e9lais de livraison sont des estimations et non des garanties. Des retards peuvent survenir pour des raisons ind\u00e9pendantes de la volont\u00e9 de Tiguimar (ex : douanes, gr\u00e8ves, etc.). 1.3. Frais de port Les frais de port sont calcul\u00e9s automatiquement lors de la commande, en fonction de la destination, du poids et du nombre de cartons. Dans le cadre de campagnes promotionnelles, des frais de port gratuits peuvent \u00eatre offerts dans des conditions annonc\u00e9es au pr\u00e9alable. 2. Retours 2.1. Droit de libre r\u00e9solution (14 jours) Conform\u00e9ment \u00e0 la l\u00e9gislation en vigueur (DL n\u00ba 24\/2014), le client a le droit de retourner les produits achet\u00e9s dans un d\u00e9lai de 14 jours \u00e0 compter de la r\u00e9ception, sans avoir \u00e0 en indiquer la raison. Conditions de retour : Le produit doit \u00eatre intact, sans signes d'utilisation et dans son emballage d'origine. Les produits ouverts, endommag\u00e9s ou d\u00e9pourvus des \u00e9l\u00e9ments de protection d'origine ne seront pas accept\u00e9s. Les frais de retour sont \u00e0 la charge du client, sauf en cas d'erreur de Tiguimar ou de produit d\u00e9fectueux. 2.2. Proc\u00e9dure de retour Pour commencer la proc\u00e9dure, envoyez un e-mail \u00e0 (tiguimar@sapo.pt) avec les d\u00e9tails suivants : Num\u00e9ro de commande Nom et pr\u00e9nom Motif du retour (facultatif) Photographies, le cas \u00e9ch\u00e9ant L'adresse de retour et les \u00e9tapes suivantes seront indiqu\u00e9es. 3 Remboursements 3.1. D\u00e9lai Apr\u00e8s r\u00e9ception et v\u00e9rification des produits retourn\u00e9s, le remboursement sera effectu\u00e9 dans un d\u00e9lai maximum de 14 jours, en utilisant la m\u00eame m\u00e9thode de paiement que celle utilis\u00e9e lors de l'achat. Si le produit retourn\u00e9 ne r\u00e9pond pas aux crit\u00e8res susmentionn\u00e9s, nous nous r\u00e9servons le droit de refuser un remboursement total ou partiel. 3.2. Produit endommag\u00e9 ou incorrect Si vous recevez un produit endommag\u00e9 ou diff\u00e9rent de celui que vous avez command\u00e9, veuillez nous contacter dans les 48 heures suivant la r\u00e9ception, avec des photos de l'emballage et du produit. Nous r\u00e9soudrons la situation le plus rapidement possible. 4. \u00e9changes Tiguimar ne fait pas d'\u00e9changes directs. Si vous souhaitez un autre produit, vous devez retourner l'original (selon les r\u00e8gles ci-dessus) et passer une nouvelle commande. 5. nous contacter Pour toute question relative \u00e0 l'exp\u00e9dition, aux retours ou aux remboursements, veuillez nous contacter \u00e0 : \ud83d\udce7 tiguimar@sapo.pt\ud83d\udcde (+351) 219245605<\/p>","protected":false},"author":1,"featured_media":0,"parent":0,"menu_order":0,"comment_status":"closed","ping_status":"closed","template":"","meta":{"_eb_attr":"","_joinchat":[],"footnotes":""},"class_list":["post-2868","page","type-page","status-publish","hentry"],"_links":{"self":[{"href":"https:\/\/santareliquiawines.com\/fr\/wp-json\/wp\/v2\/pages\/2868","targetHints":{"allow":["GET"]}}],"collection":[{"href":"https:\/\/santareliquiawines.com\/fr\/wp-json\/wp\/v2\/pages"}],"about":[{"href":"https:\/\/santareliquiawines.com\/fr\/wp-json\/wp\/v2\/types\/page"}],"author":[{"embeddable":true,"href":"https:\/\/santareliquiawines.com\/fr\/wp-json\/wp\/v2\/users\/1"}],"replies":[{"embeddable":true,"href":"https:\/\/santareliquiawines.com\/fr\/wp-json\/wp\/v2\/comments?post=2868"}],"version-history":[{"count":11,"href":"https:\/\/santareliquiawines.com\/fr\/wp-json\/wp\/v2\/pages\/2868\/revisions"}],"predecessor-version":[{"id":3246,"href":"https:\/\/santareliquiawines.com\/fr\/wp-json\/wp\/v2\/pages\/2868\/revisions\/3246"}],"wp:attachment":[{"href":"https:\/\/santareliquiawines.com\/fr\/wp-json\/wp\/v2\/media?parent=2868"}],"curies":[{"name":"wp","href":"https:\/\/api.w.org\/{rel}","templated":true}]}}