{"id":2514,"date":"2025-06-22T15:56:02","date_gmt":"2025-06-22T15:56:02","guid":{"rendered":"https:\/\/santareliquiawines.com\/?post_type=product&#038;p=2514"},"modified":"2025-07-11T17:32:02","modified_gmt":"2025-07-11T17:32:02","slug":"regional-lisboa-tinto","status":"publish","type":"product","link":"https:\/\/santareliquiawines.com\/fr\/product\/regional-lisboa-tinto\/","title":{"rendered":"R\u00e9gionale Lisboa Rouge"},"content":{"rendered":"<p data-start=\"104\" data-end=\"411\">D\u00e9couvrez le caract\u00e8re du Regional Lisboa Red, une \u00e9l\u00e9gante combinaison de Castel\u00e3o et d'Aragonez. Avec des notes de fruits rouges m\u00fbrs et une touche subtile d'\u00e9pices, il offre une structure \u00e9quilibr\u00e9e et des tanins doux. Id\u00e9al pour accompagner les plats de viande ou les fromages affin\u00e9s.<\/p>","protected":false},"excerpt":{"rendered":"<p>D\u00e9couvrez le caract\u00e8re du Regional Lisboa Red, une \u00e9l\u00e9gante combinaison de Castel\u00e3o et d'Aragonez. Avec des notes de fruits rouges m\u00fbrs et une touche subtile d'\u00e9pices, il offre une structure \u00e9quilibr\u00e9e et des tanins doux. Id\u00e9al pour accompagner les plats de viande ou les fromages affin\u00e9s.<\/p>","protected":false},"featured_media":1907,"comment_status":"open","ping_status":"closed","template":"","meta":{"_eb_attr":"","_joinchat":[]},"product_brand":[],"product_cat":[42],"product_tag":[],"class_list":{"0":"post-2514","1":"product","2":"type-product","3":"status-publish","4":"has-post-thumbnail","6":"product_cat-lisboa","8":"first","9":"instock","10":"taxable","11":"shipping-taxable","12":"purchasable","13":"product-type-simple"},"_links":{"self":[{"href":"https:\/\/santareliquiawines.com\/fr\/wp-json\/wp\/v2\/product\/2514","targetHints":{"allow":["GET"]}}],"collection":[{"href":"https:\/\/santareliquiawines.com\/fr\/wp-json\/wp\/v2\/product"}],"about":[{"href":"https:\/\/santareliquiawines.com\/fr\/wp-json\/wp\/v2\/types\/product"}],"replies":[{"embeddable":true,"href":"https:\/\/santareliquiawines.com\/fr\/wp-json\/wp\/v2\/comments?post=2514"}],"wp:featuredmedia":[{"embeddable":true,"href":"https:\/\/santareliquiawines.com\/fr\/wp-json\/wp\/v2\/media\/1907"}],"wp:attachment":[{"href":"https:\/\/santareliquiawines.com\/fr\/wp-json\/wp\/v2\/media?parent=2514"}],"wp:term":[{"taxonomy":"product_brand","embeddable":true,"href":"https:\/\/santareliquiawines.com\/fr\/wp-json\/wp\/v2\/product_brand?post=2514"},{"taxonomy":"product_cat","embeddable":true,"href":"https:\/\/santareliquiawines.com\/fr\/wp-json\/wp\/v2\/product_cat?post=2514"},{"taxonomy":"product_tag","embeddable":true,"href":"https:\/\/santareliquiawines.com\/fr\/wp-json\/wp\/v2\/product_tag?post=2514"}],"curies":[{"name":"wp","href":"https:\/\/api.w.org\/{rel}","templated":true}]}}