{"id":2672,"date":"2025-06-26T14:27:07","date_gmt":"2025-06-26T14:27:07","guid":{"rendered":"https:\/\/santareliquiawines.com\/?post_type=product&#038;p=2672"},"modified":"2025-07-11T17:31:47","modified_gmt":"2025-07-11T17:31:47","slug":"regional-alentejo-branco","status":"publish","type":"product","link":"https:\/\/santareliquiawines.com\/fr\/product\/regional-alentejo-branco\/","title":{"rendered":"Blanc r\u00e9gional de l'Alentejo"},"content":{"rendered":"<p data-start=\"104\" data-end=\"411\">\u00c9labor\u00e9 \u00e0 partir des c\u00e9pages Ant\u00e3o Vaz, Verdelho et Arinto, ce vin blanc de l'Alentejo est citrique et aromatique. Il offre de la fra\u00eecheur, une acidit\u00e9 \u00e9quilibr\u00e9e et des notes tropicales, id\u00e9ales pour accompagner les fruits de mer et les plats d'\u00e9t\u00e9.<\/p>","protected":false},"excerpt":{"rendered":"<p>\u00c9labor\u00e9 \u00e0 partir des c\u00e9pages Ant\u00e3o Vaz, Verdelho et Arinto, ce vin blanc de l'Alentejo est citrique et aromatique. Il offre de la fra\u00eecheur, une acidit\u00e9 \u00e9quilibr\u00e9e et des notes tropicales, id\u00e9ales pour accompagner les fruits de mer et les plats d'\u00e9t\u00e9.<\/p>","protected":false},"featured_media":1917,"comment_status":"open","ping_status":"closed","template":"","meta":{"_eb_attr":"","_joinchat":[]},"product_brand":[],"product_cat":[43],"product_tag":[],"class_list":{"0":"post-2672","1":"product","2":"type-product","3":"status-publish","4":"has-post-thumbnail","6":"product_cat-alentejo","8":"first","9":"instock","10":"taxable","11":"shipping-taxable","12":"purchasable","13":"product-type-simple"},"_links":{"self":[{"href":"https:\/\/santareliquiawines.com\/fr\/wp-json\/wp\/v2\/product\/2672","targetHints":{"allow":["GET"]}}],"collection":[{"href":"https:\/\/santareliquiawines.com\/fr\/wp-json\/wp\/v2\/product"}],"about":[{"href":"https:\/\/santareliquiawines.com\/fr\/wp-json\/wp\/v2\/types\/product"}],"replies":[{"embeddable":true,"href":"https:\/\/santareliquiawines.com\/fr\/wp-json\/wp\/v2\/comments?post=2672"}],"wp:featuredmedia":[{"embeddable":true,"href":"https:\/\/santareliquiawines.com\/fr\/wp-json\/wp\/v2\/media\/1917"}],"wp:attachment":[{"href":"https:\/\/santareliquiawines.com\/fr\/wp-json\/wp\/v2\/media?parent=2672"}],"wp:term":[{"taxonomy":"product_brand","embeddable":true,"href":"https:\/\/santareliquiawines.com\/fr\/wp-json\/wp\/v2\/product_brand?post=2672"},{"taxonomy":"product_cat","embeddable":true,"href":"https:\/\/santareliquiawines.com\/fr\/wp-json\/wp\/v2\/product_cat?post=2672"},{"taxonomy":"product_tag","embeddable":true,"href":"https:\/\/santareliquiawines.com\/fr\/wp-json\/wp\/v2\/product_tag?post=2672"}],"curies":[{"name":"wp","href":"https:\/\/api.w.org\/{rel}","templated":true}]}}