{"id":2681,"date":"2025-06-26T14:46:32","date_gmt":"2025-06-26T14:46:32","guid":{"rendered":"https:\/\/santareliquiawines.com\/?post_type=product&#038;p=2681"},"modified":"2025-07-11T17:31:36","modified_gmt":"2025-07-11T17:31:36","slug":"regional-alentejo-tinto","status":"publish","type":"product","link":"https:\/\/santareliquiawines.com\/fr\/product\/regional-alentejo-tinto\/","title":{"rendered":"Rouge r\u00e9gional de l'Alentejo"},"content":{"rendered":"<p data-start=\"104\" data-end=\"411\">\u00c9labor\u00e9 \u00e0 partir de Trincadeira, d'Aragonez et d'Alicante Bouschet, ce vin rouge de l'Alentejo pr\u00e9sente une couleur profonde et un profil cors\u00e9. Avec des ar\u00f4mes de fruits m\u00fbrs et un l\u00e9ger go\u00fbt de pain grill\u00e9, il est id\u00e9al pour les plats intenses et les viandes grill\u00e9es.<\/p>","protected":false},"excerpt":{"rendered":"<p>\u00c9labor\u00e9 \u00e0 partir de Trincadeira, d'Aragonez et d'Alicante Bouschet, ce vin rouge de l'Alentejo pr\u00e9sente une couleur profonde et un profil cors\u00e9. Avec des ar\u00f4mes de fruits m\u00fbrs et un l\u00e9ger go\u00fbt de pain grill\u00e9, il est id\u00e9al pour les plats intenses et les viandes grill\u00e9es.<\/p>","protected":false},"featured_media":1911,"comment_status":"open","ping_status":"closed","template":"","meta":{"_eb_attr":"","_joinchat":[]},"product_brand":[],"product_cat":[43],"product_tag":[],"class_list":{"0":"post-2681","1":"product","2":"type-product","3":"status-publish","4":"has-post-thumbnail","6":"product_cat-alentejo","8":"first","9":"instock","10":"taxable","11":"shipping-taxable","12":"purchasable","13":"product-type-simple"},"_links":{"self":[{"href":"https:\/\/santareliquiawines.com\/fr\/wp-json\/wp\/v2\/product\/2681","targetHints":{"allow":["GET"]}}],"collection":[{"href":"https:\/\/santareliquiawines.com\/fr\/wp-json\/wp\/v2\/product"}],"about":[{"href":"https:\/\/santareliquiawines.com\/fr\/wp-json\/wp\/v2\/types\/product"}],"replies":[{"embeddable":true,"href":"https:\/\/santareliquiawines.com\/fr\/wp-json\/wp\/v2\/comments?post=2681"}],"wp:featuredmedia":[{"embeddable":true,"href":"https:\/\/santareliquiawines.com\/fr\/wp-json\/wp\/v2\/media\/1911"}],"wp:attachment":[{"href":"https:\/\/santareliquiawines.com\/fr\/wp-json\/wp\/v2\/media?parent=2681"}],"wp:term":[{"taxonomy":"product_brand","embeddable":true,"href":"https:\/\/santareliquiawines.com\/fr\/wp-json\/wp\/v2\/product_brand?post=2681"},{"taxonomy":"product_cat","embeddable":true,"href":"https:\/\/santareliquiawines.com\/fr\/wp-json\/wp\/v2\/product_cat?post=2681"},{"taxonomy":"product_tag","embeddable":true,"href":"https:\/\/santareliquiawines.com\/fr\/wp-json\/wp\/v2\/product_tag?post=2681"}],"curies":[{"name":"wp","href":"https:\/\/api.w.org\/{rel}","templated":true}]}}