{"id":2687,"date":"2025-06-26T14:52:11","date_gmt":"2025-06-26T14:52:11","guid":{"rendered":"https:\/\/santareliquiawines.com\/?post_type=product&#038;p=2687"},"modified":"2025-07-11T17:30:58","modified_gmt":"2025-07-11T17:30:58","slug":"doc-verde-rosado","status":"publish","type":"product","link":"https:\/\/santareliquiawines.com\/fr\/product\/doc-verde-rosado\/","title":{"rendered":"DOC Verde Rosado"},"content":{"rendered":"<p data-start=\"134\" data-end=\"345\">Le DOC Verde Rosado associe l'Espadeiro et le Touriga Nacional pour cr\u00e9er un vin \u00e0 la robe violette vive, aux ar\u00f4mes fruit\u00e9s et \u00e0 la touche p\u00e9tillante. Cr\u00e9meux et rafra\u00eechissant, il est parfait pour accompagner les moments de d\u00e9tente.<\/p>","protected":false},"excerpt":{"rendered":"<p>Le DOC Verde Rosado associe l'Espadeiro et le Touriga Nacional pour cr\u00e9er un vin \u00e0 la robe violette vive, aux ar\u00f4mes fruit\u00e9s et \u00e0 la touche p\u00e9tillante. Cr\u00e9meux et rafra\u00eechissant, il est parfait pour accompagner les moments de d\u00e9tente.<\/p>","protected":false},"featured_media":2173,"comment_status":"open","ping_status":"closed","template":"","meta":{"_eb_attr":"","_joinchat":[]},"product_brand":[],"product_cat":[41],"product_tag":[],"class_list":{"0":"post-2687","1":"product","2":"type-product","3":"status-publish","4":"has-post-thumbnail","6":"product_cat-minho","8":"first","9":"instock","10":"taxable","11":"shipping-taxable","12":"purchasable","13":"product-type-simple"},"_links":{"self":[{"href":"https:\/\/santareliquiawines.com\/fr\/wp-json\/wp\/v2\/product\/2687","targetHints":{"allow":["GET"]}}],"collection":[{"href":"https:\/\/santareliquiawines.com\/fr\/wp-json\/wp\/v2\/product"}],"about":[{"href":"https:\/\/santareliquiawines.com\/fr\/wp-json\/wp\/v2\/types\/product"}],"replies":[{"embeddable":true,"href":"https:\/\/santareliquiawines.com\/fr\/wp-json\/wp\/v2\/comments?post=2687"}],"wp:featuredmedia":[{"embeddable":true,"href":"https:\/\/santareliquiawines.com\/fr\/wp-json\/wp\/v2\/media\/2173"}],"wp:attachment":[{"href":"https:\/\/santareliquiawines.com\/fr\/wp-json\/wp\/v2\/media?parent=2687"}],"wp:term":[{"taxonomy":"product_brand","embeddable":true,"href":"https:\/\/santareliquiawines.com\/fr\/wp-json\/wp\/v2\/product_brand?post=2687"},{"taxonomy":"product_cat","embeddable":true,"href":"https:\/\/santareliquiawines.com\/fr\/wp-json\/wp\/v2\/product_cat?post=2687"},{"taxonomy":"product_tag","embeddable":true,"href":"https:\/\/santareliquiawines.com\/fr\/wp-json\/wp\/v2\/product_tag?post=2687"}],"curies":[{"name":"wp","href":"https:\/\/api.w.org\/{rel}","templated":true}]}}