{"id":2691,"date":"2025-06-26T14:54:55","date_gmt":"2025-06-26T14:54:55","guid":{"rendered":"https:\/\/santareliquiawines.com\/?post_type=product&#038;p=2691"},"modified":"2025-07-11T17:30:43","modified_gmt":"2025-07-11T17:30:43","slug":"doc-douro-tinto-reserva","status":"publish","type":"product","link":"https:\/\/santareliquiawines.com\/fr\/product\/doc-douro-tinto-reserva\/","title":{"rendered":"DOC Douro Rouge R\u00e9serve"},"content":{"rendered":"<p data-start=\"631\" data-end=\"839\">Cette r\u00e9serve du Douro est une expression robuste de Touriga Nacional, Tinta Roriz, Tinta C\u00e3o et Touriga Franca. Il pr\u00e9sente une structure ferme, des tanins polis et une longue finale. Un rouge \u00e9l\u00e9gant pour des plats intenses.<\/p>","protected":false},"excerpt":{"rendered":"<p>Cette r\u00e9serve du Douro est une expression robuste de Touriga Nacional, Tinta Roriz, Tinta C\u00e3o et Touriga Franca. Il pr\u00e9sente une structure ferme, des tanins polis et une longue finale. Un rouge \u00e9l\u00e9gant pour des plats intenses.<\/p>","protected":false},"featured_media":2166,"comment_status":"open","ping_status":"closed","template":"","meta":{"_eb_attr":"","_joinchat":[]},"product_brand":[],"product_cat":[40],"product_tag":[],"class_list":{"0":"post-2691","1":"product","2":"type-product","3":"status-publish","4":"has-post-thumbnail","6":"product_cat-douro","8":"first","9":"instock","10":"taxable","11":"shipping-taxable","12":"purchasable","13":"product-type-simple"},"_links":{"self":[{"href":"https:\/\/santareliquiawines.com\/fr\/wp-json\/wp\/v2\/product\/2691","targetHints":{"allow":["GET"]}}],"collection":[{"href":"https:\/\/santareliquiawines.com\/fr\/wp-json\/wp\/v2\/product"}],"about":[{"href":"https:\/\/santareliquiawines.com\/fr\/wp-json\/wp\/v2\/types\/product"}],"replies":[{"embeddable":true,"href":"https:\/\/santareliquiawines.com\/fr\/wp-json\/wp\/v2\/comments?post=2691"}],"wp:featuredmedia":[{"embeddable":true,"href":"https:\/\/santareliquiawines.com\/fr\/wp-json\/wp\/v2\/media\/2166"}],"wp:attachment":[{"href":"https:\/\/santareliquiawines.com\/fr\/wp-json\/wp\/v2\/media?parent=2691"}],"wp:term":[{"taxonomy":"product_brand","embeddable":true,"href":"https:\/\/santareliquiawines.com\/fr\/wp-json\/wp\/v2\/product_brand?post=2691"},{"taxonomy":"product_cat","embeddable":true,"href":"https:\/\/santareliquiawines.com\/fr\/wp-json\/wp\/v2\/product_cat?post=2691"},{"taxonomy":"product_tag","embeddable":true,"href":"https:\/\/santareliquiawines.com\/fr\/wp-json\/wp\/v2\/product_tag?post=2691"}],"curies":[{"name":"wp","href":"https:\/\/api.w.org\/{rel}","templated":true}]}}