{"id":3008,"date":"2025-07-14T21:14:33","date_gmt":"2025-07-14T21:14:33","guid":{"rendered":"https:\/\/santareliquiawines.com\/?post_type=product&#038;p=3008"},"modified":"2025-07-22T21:48:54","modified_gmt":"2025-07-22T21:48:54","slug":"cabaz-de-verdes","status":"publish","type":"product","link":"https:\/\/santareliquiawines.com\/fr\/product\/cabaz-de-verdes\/","title":{"rendered":"Coffret de Vins Verdes"},"content":{"rendered":"<p data-start=\"163\" data-end=\"418\">D\u00e9couvrez la l\u00e9g\u00e8ret\u00e9 et la vivacit\u00e9 du nord du Portugal avec ce panier soigneusement s\u00e9lectionn\u00e9, id\u00e9al pour les journ\u00e9es chaudes ou les repas l\u00e9gers. Compos\u00e9 de deux vins DOC de la r\u00e9gion du Vinho Verde, ce coffret c\u00e9l\u00e8bre la fra\u00eecheur et l'\u00e9l\u00e9gance de l'Atlantique :<\/p>\n<ul data-start=\"420\" data-end=\"876\">\n<li data-start=\"420\" data-end=\"664\">\n<p data-start=\"422\" data-end=\"664\">DOC Verde White - Produit \u00e0 partir des c\u00e9pages Alvarinho, Avesso et Loureiro, ce vin est l\u00e9ger, vibrant et \u00e9quilibr\u00e9. Il pr\u00e9sente une acidit\u00e9 rafra\u00eechissante et des notes aromatiques fra\u00eeches, ce qui en fait le choix id\u00e9al pour les plats l\u00e9gers et les journ\u00e9es ensoleill\u00e9es.<\/p>\n<\/li>\n<li data-start=\"666\" data-end=\"876\">\n<p data-start=\"668\" data-end=\"876\">DOC Verde Rosado - Un ros\u00e9 \u00e0 la couleur violette vive, r\u00e9sultat de la combinaison de l'Espadeiro et du Touriga Nacional. Avec des ar\u00f4mes fruit\u00e9s et une touche p\u00e9tillante, il est cr\u00e9meux et rafra\u00eechissant, id\u00e9al pour les moments de d\u00e9tente.<\/p>\n<\/li>\n<\/ul>\n<p data-start=\"878\" data-end=\"1020\">Parfait pour ceux qui appr\u00e9cient les vins ayant de la fra\u00eecheur et de la personnalit\u00e9, ce panier est une excellente introduction \u00e0 la richesse du vinho verde portugais.<\/p>","protected":false},"excerpt":{"rendered":"<p>Descubra a leveza e a vivacidade do norte de Portugal com este cabaz cuidadosamente selecionado, ideal para dias quentes ou refei\u00e7\u00f5es leves. Composto por dois vinhos DOC da regi\u00e3o dos Vinhos Verdes, este conjunto celebra o frescor e a eleg\u00e2ncia atl\u00e2ntica: DOC Verde Branco \u2013 Produzido a partir das castas Alvarinho, Avesso e Loureiro, \u00e9 um vinho leve, vibrante e equilibrado. Apresenta acidez refrescante e notas arom\u00e1ticas frescas, sendo a escolha perfeita para pratos leves e dias soalheiros. DOC Verde Rosado \u2013 Um ros\u00e9 de cor p\u00farpura viva, resultado da combina\u00e7\u00e3o de Espadeiro e Touriga Nacional. De aromas frutados e toque gaseificado, \u00e9 cremoso e refrescante, ideal para momentos descontra\u00eddos. Perfeito para quem aprecia vinhos com frescura e personalidade, este cabaz \u00e9 uma excelente introdu\u00e7\u00e3o \u00e0 riqueza dos vinhos verdes portugueses.<\/p>","protected":false},"featured_media":3014,"comment_status":"open","ping_status":"closed","template":"","meta":{"_eb_attr":"","_joinchat":[]},"product_brand":[],"product_cat":[49],"product_tag":[],"class_list":{"0":"post-3008","1":"product","2":"type-product","3":"status-publish","4":"has-post-thumbnail","6":"product_cat-selecoes-santa-reliquia","8":"first","9":"instock","10":"taxable","11":"shipping-taxable","12":"purchasable","13":"product-type-simple"},"_links":{"self":[{"href":"https:\/\/santareliquiawines.com\/fr\/wp-json\/wp\/v2\/product\/3008","targetHints":{"allow":["GET"]}}],"collection":[{"href":"https:\/\/santareliquiawines.com\/fr\/wp-json\/wp\/v2\/product"}],"about":[{"href":"https:\/\/santareliquiawines.com\/fr\/wp-json\/wp\/v2\/types\/product"}],"replies":[{"embeddable":true,"href":"https:\/\/santareliquiawines.com\/fr\/wp-json\/wp\/v2\/comments?post=3008"}],"wp:featuredmedia":[{"embeddable":true,"href":"https:\/\/santareliquiawines.com\/fr\/wp-json\/wp\/v2\/media\/3014"}],"wp:attachment":[{"href":"https:\/\/santareliquiawines.com\/fr\/wp-json\/wp\/v2\/media?parent=3008"}],"wp:term":[{"taxonomy":"product_brand","embeddable":true,"href":"https:\/\/santareliquiawines.com\/fr\/wp-json\/wp\/v2\/product_brand?post=3008"},{"taxonomy":"product_cat","embeddable":true,"href":"https:\/\/santareliquiawines.com\/fr\/wp-json\/wp\/v2\/product_cat?post=3008"},{"taxonomy":"product_tag","embeddable":true,"href":"https:\/\/santareliquiawines.com\/fr\/wp-json\/wp\/v2\/product_tag?post=3008"}],"curies":[{"name":"wp","href":"https:\/\/api.w.org\/{rel}","templated":true}]}}