{"id":1159,"date":"2022-01-17T11:35:15","date_gmt":"2022-01-17T11:35:15","guid":{"rendered":"https:\/\/demosites.royal-elementor-addons.com\/winebar-v1\/?page_id=51"},"modified":"2025-08-10T08:25:38","modified_gmt":"2025-08-10T08:25:38","slug":"origem","status":"publish","type":"page","link":"https:\/\/santareliquiawines.com\/sv\/origem\/","title":{"rendered":"Ursprunget"},"content":{"rendered":"<div data-elementor-type=\"wp-page\" data-elementor-id=\"1159\" class=\"elementor elementor-1159\">\n\t\t\t\t\t\t<section class=\"elementor-section elementor-top-section elementor-element elementor-element-e11013e elementor-section-height-min-height elementor-section-boxed elementor-section-height-default elementor-section-items-middle wpr-particle-no wpr-jarallax-no wpr-parallax-no wpr-sticky-section-no wpr-equal-height-no\" data-id=\"e11013e\" data-element_type=\"section\" data-e-type=\"section\" data-settings=\"{&quot;background_background&quot;:&quot;classic&quot;,&quot;shape_divider_bottom&quot;:&quot;waves&quot;}\">\n\t\t\t\t\t\t\t<div class=\"elementor-background-overlay\"><\/div>\n\t\t\t\t\t\t<div class=\"elementor-shape elementor-shape-bottom\" aria-hidden=\"true\" data-negative=\"false\">\n\t\t\t<svg xmlns=\"http:\/\/www.w3.org\/2000\/svg\" viewbox=\"0 0 1000 100\" preserveaspectratio=\"none\">\n\t<path class=\"elementor-shape-fill\" d=\"M421.9,6.5c22.6-2.5,51.5,0.4,75.5,5.3c23.6,4.9,70.9,23.5,100.5,35.7c75.8,32.2,133.7,44.5,192.6,49.7\tc23.6,2.1,48.7,3.5,103.4-2.5c54.7-6,106.2-25.6,106.2-25.6V0H0v30.3c0,0,72,32.6,158.4,30.5c39.2-0.7,92.8-6.7,134-22.4\tc21.2-8.1,52.2-18.2,79.7-24.2C399.3,7.9,411.6,7.5,421.9,6.5z\"\/>\n<\/svg>\t\t<\/div>\n\t\t\t\t\t<div class=\"elementor-container elementor-column-gap-default\">\n\t\t\t\t\t<div class=\"elementor-column elementor-col-100 elementor-top-column elementor-element elementor-element-92d1402\" data-id=\"92d1402\" data-element_type=\"column\" data-e-type=\"column\">\n\t\t\t<div class=\"elementor-widget-wrap elementor-element-populated\">\n\t\t\t\t\t\t<div class=\"elementor-element elementor-element-d2988fc elementor-widget elementor-widget-spacer\" data-id=\"d2988fc\" data-element_type=\"widget\" data-e-type=\"widget\" data-widget_type=\"spacer.default\">\n\t\t\t\t<div class=\"elementor-widget-container\">\n\t\t\t\t\t\t\t<div class=\"elementor-spacer\">\n\t\t\t<div class=\"elementor-spacer-inner\"><\/div>\n\t\t<\/div>\n\t\t\t\t\t\t<\/div>\n\t\t\t\t<\/div>\n\t\t\t\t<div class=\"elementor-element elementor-element-8144e5a elementor-widget elementor-widget-heading\" data-id=\"8144e5a\" data-element_type=\"widget\" data-e-type=\"widget\" data-widget_type=\"heading.default\">\n\t\t\t\t<div class=\"elementor-widget-container\">\n\t\t\t\t\t<h2 class=\"elementor-heading-title elementor-size-default\">Ursprunget<\/h2>\t\t\t\t<\/div>\n\t\t\t\t<\/div>\n\t\t\t\t\t<\/div>\n\t\t<\/div>\n\t\t\t\t\t<\/div>\n\t\t<\/section>\n\t\t\t\t<section class=\"elementor-section elementor-top-section elementor-element elementor-element-eddc1cd elementor-section-full_width elementor-section-height-default elementor-section-height-default wpr-particle-no wpr-jarallax-no wpr-parallax-no wpr-sticky-section-no wpr-equal-height-no\" data-id=\"eddc1cd\" data-element_type=\"section\" data-e-type=\"section\">\n\t\t\t\t\t\t<div class=\"elementor-container elementor-column-gap-default\">\n\t\t\t\t\t<div class=\"elementor-column elementor-col-100 elementor-top-column elementor-element elementor-element-d25968e\" data-id=\"d25968e\" data-element_type=\"column\" data-e-type=\"column\">\n\t\t\t<div class=\"elementor-widget-wrap elementor-element-populated\">\n\t\t\t\t\t\t<section class=\"elementor-section elementor-inner-section elementor-element elementor-element-1f63144 elementor-section-boxed elementor-section-height-default elementor-section-height-default wpr-particle-no wpr-jarallax-no wpr-parallax-no wpr-sticky-section-no wpr-equal-height-no\" data-id=\"1f63144\" data-element_type=\"section\" data-e-type=\"section\" data-settings=\"{&quot;background_background&quot;:&quot;classic&quot;}\">\n\t\t\t\t\t\t\t<div class=\"elementor-background-overlay\"><\/div>\n\t\t\t\t\t\t\t<div class=\"elementor-container elementor-column-gap-default\">\n\t\t\t\t\t<div class=\"elementor-column elementor-col-33 elementor-inner-column elementor-element elementor-element-84fc08b\" data-id=\"84fc08b\" data-element_type=\"column\" data-e-type=\"column\" data-settings=\"{&quot;background_background&quot;:&quot;classic&quot;}\">\n\t\t\t<div class=\"elementor-widget-wrap elementor-element-populated\">\n\t\t\t\t\t\t<div class=\"elementor-element elementor-element-ce5b23e elementor-widget elementor-widget-image\" data-id=\"ce5b23e\" data-element_type=\"widget\" data-e-type=\"widget\" data-widget_type=\"image.default\">\n\t\t\t\t<div class=\"elementor-widget-container\">\n\t\t\t\t\t\t\t\t\t\t\t\t\t\t\t<img fetchpriority=\"high\" decoding=\"async\" width=\"500\" height=\"500\" src=\"https:\/\/santareliquiawines.com\/wp-content\/uploads\/2022\/01\/okp.png\" class=\"attachment-large size-large wp-image-1306\" alt=\"\" srcset=\"https:\/\/santareliquiawines.com\/wp-content\/uploads\/2022\/01\/okp.png 500w, https:\/\/santareliquiawines.com\/wp-content\/uploads\/2022\/01\/okp-100x100.png 100w, https:\/\/santareliquiawines.com\/wp-content\/uploads\/2022\/01\/okp-6x6.png 6w, https:\/\/santareliquiawines.com\/wp-content\/uploads\/2022\/01\/okp-300x300.png 300w, https:\/\/santareliquiawines.com\/wp-content\/uploads\/2022\/01\/okp-150x150.png 150w\" sizes=\"(max-width: 500px) 100vw, 500px\" \/>\t\t\t\t\t\t\t\t\t\t\t\t\t\t\t<\/div>\n\t\t\t\t<\/div>\n\t\t\t\t<div class=\"elementor-element elementor-element-434a4e2 elementor-widget__width-initial elementor-widget elementor-widget-text-editor\" data-id=\"434a4e2\" data-element_type=\"widget\" data-e-type=\"widget\" data-widget_type=\"text-editor.default\">\n\t\t\t\t<div class=\"elementor-widget-container\">\n\t\t\t\t\t\t\t\t\t<p>Under medeltiden var Belver ett land med Hospitallers, \u00e4ven kallad Malteserorden grundad i Jerusalem, som utvecklades i skuggan av sitt 1100-talsslott fr\u00e5n Dom Sancho I: s regeringstid, d\u00e4r S\u00e3o Br\u00e1s-kapellet \u00e4r byggt, en 1500-talsbyggnad som st\u00e5tar med en altartavla \/ relikskrin, best\u00e5ende av sm\u00e5 skulpturer med ett h\u00e5l i br\u00f6stet och de flesta utan h\u00e4nder, f\u00f6r att skydda upps\u00e4ttningen reliker som s\u00e4gs ha f\u00f6rts fr\u00e5n det heliga landet av Hospitallers riddare.<\/p><p>Festligheterna f\u00f6ddes ur kulten av de heliga relikerna, ett fenomen av folklig religiositet med r\u00f6tter i Belvers befolkning, och som en hyllning till de medeltida festivalerna i den historiska staden uppstod Santa Rel\u00edquia-vinerna, ett varum\u00e4rke som symboliserar det f\u00f6rflutna och nutiden, med sikte p\u00e5 framtiden, som den \u00e4kta p\u00e4rla det \u00e4r, i Portugal och p\u00e5 andra h\u00e5ll.<\/p>\t\t\t\t\t\t\t\t<\/div>\n\t\t\t\t<\/div>\n\t\t\t\t\t<\/div>\n\t\t<\/div>\n\t\t\t\t<div class=\"elementor-column elementor-col-33 elementor-inner-column elementor-element elementor-element-a2960f2\" data-id=\"a2960f2\" data-element_type=\"column\" data-e-type=\"column\">\n\t\t\t<div class=\"elementor-widget-wrap\">\n\t\t\t\t\t\t\t<\/div>\n\t\t<\/div>\n\t\t\t\t<div class=\"elementor-column elementor-col-33 elementor-inner-column elementor-element elementor-element-3dafcd6\" data-id=\"3dafcd6\" data-element_type=\"column\" data-e-type=\"column\">\n\t\t\t<div class=\"elementor-widget-wrap elementor-element-populated\">\n\t\t\t\t\t\t<div class=\"elementor-element elementor-element-b86e0b2 elementor-widget elementor-widget-wpr-team-member\" data-id=\"b86e0b2\" data-element_type=\"widget\" data-e-type=\"widget\" data-widget_type=\"wpr-team-member.default\">\n\t\t\t\t<div class=\"elementor-widget-container\">\n\t\t\t\t\t\n\t<div class=\"wpr-team-member\">\n\t\t\t\t\t\n\t\t\t<div class=\"wpr-member-media\">\n\t\t\t\t<div class=\"wpr-member-image\">\n\t\t\t\t\t<img decoding=\"async\" src=\"https:\/\/santareliquiawines.com\/wp-content\/uploads\/2025\/06\/WhatsApp-Image-2025-06-05-at-16.01.35-e1749208538273.jpeg\" alt=\"Jo\u00e3o Marcos\">\n\t\t\t\t<\/div>\n\t\t\t\t\t\t\t<\/div>\n\t\t\t\t\n\t\t\n\t\t<div class=\"wpr-member-content\">\n\t\t\t<h3 class=\"wpr-member-name\">Jo\u00e3o Marcos<\/h3>\n\t\t\t\n\t\t\t\t\t\t\t<div class=\"wpr-member-job\">Grundare \/ VD<\/div>\n\t\t\t\n\t\t\t\n\t\t\t\t\t\t\n\t\t\t\t\t<\/div>\n\n\t\t\t<\/div>\n\n\t\t\t\t\t<\/div>\n\t\t\t\t<\/div>\n\t\t\t\t\t<\/div>\n\t\t<\/div>\n\t\t\t\t\t<\/div>\n\t\t<\/section>\n\t\t\t\t\t<\/div>\n\t\t<\/div>\n\t\t\t\t\t<\/div>\n\t\t<\/section>\n\t\t\t\t<section class=\"elementor-section elementor-top-section elementor-element elementor-element-b25cff4 elementor-section-boxed elementor-section-height-default elementor-section-height-default wpr-particle-no wpr-jarallax-no wpr-parallax-no wpr-sticky-section-no wpr-equal-height-no\" data-id=\"b25cff4\" data-element_type=\"section\" data-e-type=\"section\">\n\t\t\t\t\t\t<div class=\"elementor-container elementor-column-gap-default\">\n\t\t\t\t\t<div class=\"elementor-column elementor-col-100 elementor-top-column elementor-element elementor-element-7524f04\" data-id=\"7524f04\" data-element_type=\"column\" data-e-type=\"column\">\n\t\t\t<div class=\"elementor-widget-wrap elementor-element-populated\">\n\t\t\t\t\t\t<section class=\"elementor-section elementor-inner-section elementor-element elementor-element-eb033e4 elementor-section-boxed elementor-section-height-default elementor-section-height-default wpr-particle-no wpr-jarallax-no wpr-parallax-no wpr-sticky-section-no wpr-equal-height-no\" data-id=\"eb033e4\" data-element_type=\"section\" data-e-type=\"section\">\n\t\t\t\t\t\t<div class=\"elementor-container elementor-column-gap-default\">\n\t\t\t\t\t<div class=\"elementor-column elementor-col-50 elementor-inner-column elementor-element elementor-element-95c2933\" data-id=\"95c2933\" data-element_type=\"column\" data-e-type=\"column\">\n\t\t\t<div class=\"elementor-widget-wrap elementor-element-populated\">\n\t\t\t\t\t\t<div class=\"elementor-element elementor-element-66f3c29 elementor-widget elementor-widget-image\" data-id=\"66f3c29\" data-element_type=\"widget\" data-e-type=\"widget\" data-widget_type=\"image.default\">\n\t\t\t\t<div class=\"elementor-widget-container\">\n\t\t\t\t\t\t\t\t\t\t\t\t\t\t\t<img decoding=\"async\" width=\"456\" height=\"330\" src=\"https:\/\/santareliquiawines.com\/wp-content\/uploads\/2025\/05\/Captura-de-ecra-2025-05-27-as-16.47.23-e1749027446757.png\" class=\"attachment-full size-full wp-image-1362\" alt=\"\" srcset=\"https:\/\/santareliquiawines.com\/wp-content\/uploads\/2025\/05\/Captura-de-ecra-2025-05-27-as-16.47.23-e1749027446757.png 456w, https:\/\/santareliquiawines.com\/wp-content\/uploads\/2025\/05\/Captura-de-ecra-2025-05-27-as-16.47.23-e1749027446757-6x4.png 6w, https:\/\/santareliquiawines.com\/wp-content\/uploads\/2025\/05\/Captura-de-ecra-2025-05-27-as-16.47.23-e1749027446757-300x217.png 300w\" sizes=\"(max-width: 456px) 100vw, 456px\" \/>\t\t\t\t\t\t\t\t\t\t\t\t\t\t\t<\/div>\n\t\t\t\t<\/div>\n\t\t\t\t\t<\/div>\n\t\t<\/div>\n\t\t\t\t<div class=\"elementor-column elementor-col-50 elementor-inner-column elementor-element elementor-element-8ef3c8e\" data-id=\"8ef3c8e\" data-element_type=\"column\" data-e-type=\"column\">\n\t\t\t<div class=\"elementor-widget-wrap elementor-element-populated\">\n\t\t\t\t\t\t<div class=\"elementor-element elementor-element-dc0b274 elementor-widget elementor-widget-image\" data-id=\"dc0b274\" data-element_type=\"widget\" data-e-type=\"widget\" data-widget_type=\"image.default\">\n\t\t\t\t<div class=\"elementor-widget-container\">\n\t\t\t\t\t\t\t\t\t\t\t\t\t\t\t<img decoding=\"async\" width=\"460\" height=\"330\" src=\"https:\/\/santareliquiawines.com\/wp-content\/uploads\/2025\/05\/Captura-de-ecra-2025-05-27-as-16.47.13.png\" class=\"attachment-large size-large wp-image-1363\" alt=\"\" srcset=\"https:\/\/santareliquiawines.com\/wp-content\/uploads\/2025\/05\/Captura-de-ecra-2025-05-27-as-16.47.13.png 460w, https:\/\/santareliquiawines.com\/wp-content\/uploads\/2025\/05\/Captura-de-ecra-2025-05-27-as-16.47.13-6x4.png 6w, https:\/\/santareliquiawines.com\/wp-content\/uploads\/2025\/05\/Captura-de-ecra-2025-05-27-as-16.47.13-300x215.png 300w\" sizes=\"(max-width: 460px) 100vw, 460px\" \/>\t\t\t\t\t\t\t\t\t\t\t\t\t\t\t<\/div>\n\t\t\t\t<\/div>\n\t\t\t\t\t<\/div>\n\t\t<\/div>\n\t\t\t\t\t<\/div>\n\t\t<\/section>\n\t\t\t\t\t<\/div>\n\t\t<\/div>\n\t\t\t\t\t<\/div>\n\t\t<\/section>\n\t\t\t\t<section class=\"elementor-section elementor-top-section elementor-element elementor-element-bb27ead elementor-section-boxed elementor-section-height-default elementor-section-height-default wpr-particle-no wpr-jarallax-no wpr-parallax-no wpr-sticky-section-no wpr-equal-height-no\" data-id=\"bb27ead\" data-element_type=\"section\" data-e-type=\"section\" data-settings=\"{&quot;background_background&quot;:&quot;classic&quot;}\">\n\t\t\t\t\t\t<div class=\"elementor-container elementor-column-gap-default\">\n\t\t\t\t\t<div class=\"elementor-column elementor-col-50 elementor-top-column elementor-element elementor-element-5633990\" data-id=\"5633990\" data-element_type=\"column\" data-e-type=\"column\">\n\t\t\t<div class=\"elementor-widget-wrap elementor-element-populated\">\n\t\t\t\t\t\t<div class=\"elementor-element elementor-element-776d11d elementor-widget elementor-widget-heading\" data-id=\"776d11d\" data-element_type=\"widget\" data-e-type=\"widget\" data-widget_type=\"heading.default\">\n\t\t\t\t<div class=\"elementor-widget-container\">\n\t\t\t\t\t<h2 class=\"elementor-heading-title elementor-size-default\">Det kulturella v\u00e4rdet av vin<\/h2>\t\t\t\t<\/div>\n\t\t\t\t<\/div>\n\t\t\t\t<div class=\"elementor-element elementor-element-55a6bff elementor-widget elementor-widget-text-editor\" data-id=\"55a6bff\" data-element_type=\"widget\" data-e-type=\"widget\" data-widget_type=\"text-editor.default\">\n\t\t\t\t<div class=\"elementor-widget-container\">\n\t\t\t\t\t\t\t\t\t<p>Vin \u00e4r inte bara en dryck, det \u00e4r en symbol f\u00f6r kultur, f\u00f6r seder som \u00e4r djupt rotade i firande, ritualer och social praxis; vin g\u00f6r att vi kan njuta av tid, erfarenhet, dela med oss av resor med traditioner, aromer, i ett firande av smaker som t\u00e5lmodigt v\u00e4ntar p\u00e5 att uppt\u00e4ckas och avnjutas, vilket st\u00e4rker gemenskap och familjeband.<\/p><p>Vin \u00e4r mycket mer \u00e4n en dryck; det \u00e4r en \u00e5terspegling av marken, klimatet och v\u00e4rldens sj\u00e4l.<br \/>som producerar den, ett flytande uttryck f\u00f6r kultur och historia.<\/p>\t\t\t\t\t\t\t\t<\/div>\n\t\t\t\t<\/div>\n\t\t\t\t<div class=\"elementor-element elementor-element-6730a8e wpr-button-icon-style-inline wpr-button-icon-position-right elementor-widget elementor-widget-wpr-button\" data-id=\"6730a8e\" data-element_type=\"widget\" data-e-type=\"widget\" data-widget_type=\"wpr-button.default\">\n\t\t\t\t<div class=\"elementor-widget-container\">\n\t\t\t\t\t\t\n\t\t\t\n\t\t\n\t\t<div class=\"wpr-button-wrap elementor-clearfix\">\n\t\t<a class=\"wpr-button wpr-button-effect wpr-button-none\" data-text=\"\" href=\"https:\/\/santareliquiawines.com\/sv\/contactos\/\">\n\t\t\t\n\t\t\t<span class=\"wpr-button-content\">\n\t\t\t\t\t\t\t\t\t<span class=\"wpr-button-text\">Kontakta oss<\/span>\n\t\t\t\t\t\t\t\t\n\t\t\t\t\t\t\t<\/span>\n\t\t<\/a>\n\n\t\t\t\t<\/div>\n\t\n\t\n\t\t\t\t\t<\/div>\n\t\t\t\t<\/div>\n\t\t\t\t\t<\/div>\n\t\t<\/div>\n\t\t\t\t<div class=\"elementor-column elementor-col-50 elementor-top-column elementor-element elementor-element-5baef2c\" data-id=\"5baef2c\" data-element_type=\"column\" data-e-type=\"column\">\n\t\t\t<div class=\"elementor-widget-wrap elementor-element-populated\">\n\t\t\t\t\t\t<div class=\"elementor-element elementor-element-8587f56 elementor-widget elementor-widget-image\" data-id=\"8587f56\" data-element_type=\"widget\" data-e-type=\"widget\" data-widget_type=\"image.default\">\n\t\t\t\t<div class=\"elementor-widget-container\">\n\t\t\t\t\t\t\t\t\t\t\t\t\t\t\t<img loading=\"lazy\" decoding=\"async\" width=\"960\" height=\"640\" src=\"https:\/\/santareliquiawines.com\/wp-content\/uploads\/2022\/01\/pic-3-1024x683.jpg\" class=\"attachment-large size-large wp-image-267\" alt=\"\" srcset=\"https:\/\/santareliquiawines.com\/wp-content\/uploads\/2022\/01\/pic-3-1024x683.jpg 1024w, https:\/\/santareliquiawines.com\/wp-content\/uploads\/2022\/01\/pic-3-600x400.jpg 600w, https:\/\/santareliquiawines.com\/wp-content\/uploads\/2022\/01\/pic-3-300x200.jpg 300w, https:\/\/santareliquiawines.com\/wp-content\/uploads\/2022\/01\/pic-3-768x512.jpg 768w, https:\/\/santareliquiawines.com\/wp-content\/uploads\/2022\/01\/pic-3.jpg 1500w\" sizes=\"(max-width: 960px) 100vw, 960px\" \/>\t\t\t\t\t\t\t\t\t\t\t\t\t\t\t<\/div>\n\t\t\t\t<\/div>\n\t\t\t\t\t<\/div>\n\t\t<\/div>\n\t\t\t\t\t<\/div>\n\t\t<\/section>\n\t\t\t\t<section class=\"elementor-section elementor-top-section elementor-element elementor-element-1xr0a7l elementor-section-boxed elementor-section-height-default elementor-section-height-default wpr-particle-no wpr-jarallax-no wpr-parallax-no wpr-sticky-section-no wpr-equal-height-no\" data-id=\"1xr0a7l\" data-element_type=\"section\" data-e-type=\"section\">\n\t\t\t\t\t\t<div class=\"elementor-container elementor-column-gap-no\">\n\t\t\t\t\t<div class=\"elementor-column elementor-col-100 elementor-top-column elementor-element elementor-element-089d853\" data-id=\"089d853\" data-element_type=\"column\" data-e-type=\"column\">\n\t\t\t<div class=\"elementor-widget-wrap elementor-element-populated\">\n\t\t\t\t\t\t<div class=\"elementor-element elementor-element-af7f48b elementor-widget elementor-widget-heading\" data-id=\"af7f48b\" data-element_type=\"widget\" data-e-type=\"widget\" data-widget_type=\"heading.default\">\n\t\t\t\t<div class=\"elementor-widget-container\">\n\t\t\t\t\t<h3 class=\"elementor-heading-title elementor-size-default\">V\u00e5ra partners<\/h3>\t\t\t\t<\/div>\n\t\t\t\t<\/div>\n\t\t\t\t<section class=\"elementor-section elementor-inner-section elementor-element elementor-element-f1b724a elementor-section-boxed elementor-section-height-default elementor-section-height-default wpr-particle-no wpr-jarallax-no wpr-parallax-no wpr-sticky-section-no wpr-equal-height-no\" data-id=\"f1b724a\" data-element_type=\"section\" data-e-type=\"section\">\n\t\t\t\t\t\t<div class=\"elementor-container elementor-column-gap-no\">\n\t\t\t\t\t<div class=\"elementor-column elementor-col-33 elementor-inner-column elementor-element elementor-element-05fc16b\" data-id=\"05fc16b\" data-element_type=\"column\" data-e-type=\"column\">\n\t\t\t<div class=\"elementor-widget-wrap elementor-element-populated\">\n\t\t\t\t\t\t<div class=\"elementor-element elementor-element-c2df6a6 elementor-widget elementor-widget-image\" data-id=\"c2df6a6\" data-element_type=\"widget\" data-e-type=\"widget\" data-widget_type=\"image.default\">\n\t\t\t\t<div class=\"elementor-widget-container\">\n\t\t\t\t\t\t\t\t\t\t\t\t\t\t\t\t<a href=\"https:\/\/quintadoribeirinho.pt\/\">\n\t\t\t\t\t\t\t<img loading=\"lazy\" decoding=\"async\" width=\"230\" height=\"125\" src=\"https:\/\/santareliquiawines.com\/wp-content\/uploads\/2025\/06\/WhatsApp-Image-2025-06-04-at-11.30.11.jpeg\" class=\"attachment-large size-large wp-image-1569\" alt=\"\" srcset=\"https:\/\/santareliquiawines.com\/wp-content\/uploads\/2025\/06\/WhatsApp-Image-2025-06-04-at-11.30.11.jpeg 230w, https:\/\/santareliquiawines.com\/wp-content\/uploads\/2025\/06\/WhatsApp-Image-2025-06-04-at-11.30.11-6x3.jpeg 6w\" sizes=\"(max-width: 230px) 100vw, 230px\" \/>\t\t\t\t\t\t\t\t<\/a>\n\t\t\t\t\t\t\t\t\t\t\t\t\t\t\t<\/div>\n\t\t\t\t<\/div>\n\t\t\t\t\t<\/div>\n\t\t<\/div>\n\t\t\t\t<div class=\"elementor-column elementor-col-33 elementor-inner-column elementor-element elementor-element-2c0b4b0\" data-id=\"2c0b4b0\" data-element_type=\"column\" data-e-type=\"column\">\n\t\t\t<div class=\"elementor-widget-wrap elementor-element-populated\">\n\t\t\t\t\t\t<div class=\"elementor-element elementor-element-e9a0b7b elementor-widget elementor-widget-image\" data-id=\"e9a0b7b\" data-element_type=\"widget\" data-e-type=\"widget\" data-widget_type=\"image.default\">\n\t\t\t\t<div class=\"elementor-widget-container\">\n\t\t\t\t\t\t\t\t\t\t\t\t\t\t\t\t<a href=\"https:\/\/apsgolfe.pt\/\">\n\t\t\t\t\t\t\t<img loading=\"lazy\" decoding=\"async\" width=\"362\" height=\"243\" src=\"https:\/\/santareliquiawines.com\/wp-content\/uploads\/2025\/06\/ANSG-logo-let.svg\" class=\"attachment-large size-large wp-image-2298\" alt=\"\" \/>\t\t\t\t\t\t\t\t<\/a>\n\t\t\t\t\t\t\t\t\t\t\t\t\t\t\t<\/div>\n\t\t\t\t<\/div>\n\t\t\t\t\t<\/div>\n\t\t<\/div>\n\t\t\t\t<div class=\"elementor-column elementor-col-33 elementor-inner-column elementor-element elementor-element-8c2d5b7\" data-id=\"8c2d5b7\" data-element_type=\"column\" data-e-type=\"column\">\n\t\t\t<div class=\"elementor-widget-wrap elementor-element-populated\">\n\t\t\t\t\t\t<div class=\"elementor-element elementor-element-d4731b0 elementor-widget-tablet__width-initial elementor-widget-mobile__width-initial elementor-widget elementor-widget-image\" data-id=\"d4731b0\" data-element_type=\"widget\" data-e-type=\"widget\" data-widget_type=\"image.default\">\n\t\t\t\t<div class=\"elementor-widget-container\">\n\t\t\t\t\t\t\t\t\t\t\t\t\t\t\t\t<a href=\"https:\/\/www.restaurantealfama.com\/\">\n\t\t\t\t\t\t\t<img loading=\"lazy\" decoding=\"async\" width=\"356\" height=\"142\" src=\"https:\/\/santareliquiawines.com\/wp-content\/uploads\/2025\/06\/WhatsApp-Image-2025-06-17-at-17.07.50.jpeg\" class=\"attachment-large size-large wp-image-2448\" alt=\"\" srcset=\"https:\/\/santareliquiawines.com\/wp-content\/uploads\/2025\/06\/WhatsApp-Image-2025-06-17-at-17.07.50.jpeg 356w, https:\/\/santareliquiawines.com\/wp-content\/uploads\/2025\/06\/WhatsApp-Image-2025-06-17-at-17.07.50-6x2.jpeg 6w, https:\/\/santareliquiawines.com\/wp-content\/uploads\/2025\/06\/WhatsApp-Image-2025-06-17-at-17.07.50-300x120.jpeg 300w, https:\/\/santareliquiawines.com\/wp-content\/uploads\/2025\/06\/WhatsApp-Image-2025-06-17-at-17.07.50-18x7.jpeg 18w\" sizes=\"(max-width: 356px) 100vw, 356px\" \/>\t\t\t\t\t\t\t\t<\/a>\n\t\t\t\t\t\t\t\t\t\t\t\t\t\t\t<\/div>\n\t\t\t\t<\/div>\n\t\t\t\t\t<\/div>\n\t\t<\/div>\n\t\t\t\t\t<\/div>\n\t\t<\/section>\n\t\t\t\t\t<\/div>\n\t\t<\/div>\n\t\t\t\t\t<\/div>\n\t\t<\/section>\n\t\t\t\t<\/div>","protected":false},"excerpt":{"rendered":"<p>Ursprunget Under medeltiden var Belver ett land med Hospitaller, \u00e4ven kallat Malteserorden grundad i Jerusalem, som utvecklades i skuggan av sitt 1100-talsslott fr\u00e5n Dom Sancho I:s regeringstid, d\u00e4r S\u00e3o Br\u00e1s-kapellet \u00e4r byggt, en 1500-talsbyggnad som st\u00e5tar med en altartavla\/relikvarium, best\u00e5ende av sm\u00e5 skulpturer med ett h\u00e5l i br\u00f6stet och de flesta utan h\u00e4nder, f\u00f6r att vakta upps\u00e4ttningen reliker som s\u00e4gs ha f\u00f6rts fr\u00e5n det heliga landet av Hospitallerriddarna. Fr\u00e5n kulten av de heliga relikerna, ett fenomen av popul\u00e4r religiositet med r\u00f6tter i Belvers befolkning, f\u00f6ddes festligheterna, och som en hyllning till de medeltida festivalerna i den historiska staden uppstod Santa Rel\u00edquia-vinerna, ett varum\u00e4rke som symboliserar det f\u00f6rflutna och nutiden, med sikte p\u00e5 framtiden, som den \u00e4kta p\u00e4rla det \u00e4r, i Portugal och p\u00e5 andra h\u00e5ll. Jo\u00e3o Marcos Grundare \/ VD Vinets kulturella v\u00e4rde Vin \u00e4r inte bara en dryck, det \u00e4r en symbol f\u00f6r kultur, f\u00f6r seder som \u00e4r djupt rotade i firande, ritualer och sociala sedv\u00e4njor; vin g\u00f6r att vi kan njuta av tid, erfarenhet, dela med oss av resor med traditioner, aromer, i ett firande av smaker som t\u00e5lmodigt v\u00e4ntar p\u00e5 att uppt\u00e4ckas och avnjutas, vilket st\u00e4rker gemenskaps- och familjebanden. Vin \u00e4r mycket mer \u00e4n en dryck; det \u00e4r en \u00e5terspegling av marken, klimatet och sj\u00e4len hos dem som producerar det, ett flytande uttryck f\u00f6r kultur och historia. Kontakta oss V\u00e5ra partners<\/p>","protected":false},"author":1,"featured_media":0,"parent":0,"menu_order":0,"comment_status":"closed","ping_status":"closed","template":"elementor_canvas","meta":{"_eb_attr":"","_joinchat":[],"footnotes":""},"class_list":["post-1159","page","type-page","status-publish","hentry"],"_links":{"self":[{"href":"https:\/\/santareliquiawines.com\/sv\/wp-json\/wp\/v2\/pages\/1159","targetHints":{"allow":["GET"]}}],"collection":[{"href":"https:\/\/santareliquiawines.com\/sv\/wp-json\/wp\/v2\/pages"}],"about":[{"href":"https:\/\/santareliquiawines.com\/sv\/wp-json\/wp\/v2\/types\/page"}],"author":[{"embeddable":true,"href":"https:\/\/santareliquiawines.com\/sv\/wp-json\/wp\/v2\/users\/1"}],"replies":[{"embeddable":true,"href":"https:\/\/santareliquiawines.com\/sv\/wp-json\/wp\/v2\/comments?post=1159"}],"version-history":[{"count":100,"href":"https:\/\/santareliquiawines.com\/sv\/wp-json\/wp\/v2\/pages\/1159\/revisions"}],"predecessor-version":[{"id":3307,"href":"https:\/\/santareliquiawines.com\/sv\/wp-json\/wp\/v2\/pages\/1159\/revisions\/3307"}],"wp:attachment":[{"href":"https:\/\/santareliquiawines.com\/sv\/wp-json\/wp\/v2\/media?parent=1159"}],"curies":[{"name":"wp","href":"https:\/\/api.w.org\/{rel}","templated":true}]}}