{"id":1160,"date":"2022-01-17T11:35:22","date_gmt":"2022-01-17T11:35:22","guid":{"rendered":"https:\/\/demosites.royal-elementor-addons.com\/winebar-v1\/?page_id=53"},"modified":"2025-08-10T08:28:32","modified_gmt":"2025-08-10T08:28:32","slug":"regioes","status":"publish","type":"page","link":"https:\/\/santareliquiawines.com\/sv\/regioes\/","title":{"rendered":"Regionerna"},"content":{"rendered":"<div data-elementor-type=\"wp-page\" data-elementor-id=\"1160\" class=\"elementor elementor-1160\">\n\t\t\t\t\t\t<section class=\"elementor-section elementor-top-section elementor-element elementor-element-c79e4d9 elementor-section-height-min-height elementor-section-boxed elementor-section-height-default elementor-section-items-middle wpr-particle-no wpr-jarallax-no wpr-parallax-no wpr-sticky-section-no wpr-equal-height-no\" data-id=\"c79e4d9\" data-element_type=\"section\" data-e-type=\"section\" data-settings=\"{&quot;background_background&quot;:&quot;classic&quot;,&quot;shape_divider_bottom&quot;:&quot;waves&quot;}\">\n\t\t\t\t\t\t\t<div class=\"elementor-background-overlay\"><\/div>\n\t\t\t\t\t\t<div class=\"elementor-shape elementor-shape-bottom\" aria-hidden=\"true\" data-negative=\"false\">\n\t\t\t<svg xmlns=\"http:\/\/www.w3.org\/2000\/svg\" viewbox=\"0 0 1000 100\" preserveaspectratio=\"none\">\n\t<path class=\"elementor-shape-fill\" d=\"M421.9,6.5c22.6-2.5,51.5,0.4,75.5,5.3c23.6,4.9,70.9,23.5,100.5,35.7c75.8,32.2,133.7,44.5,192.6,49.7\tc23.6,2.1,48.7,3.5,103.4-2.5c54.7-6,106.2-25.6,106.2-25.6V0H0v30.3c0,0,72,32.6,158.4,30.5c39.2-0.7,92.8-6.7,134-22.4\tc21.2-8.1,52.2-18.2,79.7-24.2C399.3,7.9,411.6,7.5,421.9,6.5z\"\/>\n<\/svg>\t\t<\/div>\n\t\t\t\t\t<div class=\"elementor-container elementor-column-gap-default\">\n\t\t\t\t\t<div class=\"elementor-column elementor-col-100 elementor-top-column elementor-element elementor-element-bab03e6\" data-id=\"bab03e6\" data-element_type=\"column\" data-e-type=\"column\">\n\t\t\t<div class=\"elementor-widget-wrap elementor-element-populated\">\n\t\t\t\t\t\t<div class=\"elementor-element elementor-element-126be35 elementor-widget elementor-widget-spacer\" data-id=\"126be35\" data-element_type=\"widget\" data-e-type=\"widget\" data-widget_type=\"spacer.default\">\n\t\t\t\t<div class=\"elementor-widget-container\">\n\t\t\t\t\t\t\t<div class=\"elementor-spacer\">\n\t\t\t<div class=\"elementor-spacer-inner\"><\/div>\n\t\t<\/div>\n\t\t\t\t\t\t<\/div>\n\t\t\t\t<\/div>\n\t\t\t\t<div class=\"elementor-element elementor-element-ad9ddba elementor-widget elementor-widget-heading\" data-id=\"ad9ddba\" data-element_type=\"widget\" data-e-type=\"widget\" data-widget_type=\"heading.default\">\n\t\t\t\t<div class=\"elementor-widget-container\">\n\t\t\t\t\t<h2 class=\"elementor-heading-title elementor-size-default\">Regionerna<\/h2>\t\t\t\t<\/div>\n\t\t\t\t<\/div>\n\t\t\t\t\t<\/div>\n\t\t<\/div>\n\t\t\t\t\t<\/div>\n\t\t<\/section>\n\t\t\t\t<section class=\"elementor-section elementor-top-section elementor-element elementor-element-1d9ba52d elementor-section-full_width elementor-section-height-full elementor-section-height-default elementor-section-items-middle wpr-particle-no wpr-jarallax-no wpr-parallax-no wpr-equal-height-no\" data-id=\"1d9ba52d\" data-element_type=\"section\" data-e-type=\"section\">\n\t\t\t\t\t\t<div class=\"elementor-container elementor-column-gap-default\">\n\t\t\t\t\t<div class=\"elementor-column elementor-col-100 elementor-top-column elementor-element elementor-element-3bbcc3c4\" data-id=\"3bbcc3c4\" data-element_type=\"column\" data-e-type=\"column\">\n\t\t\t<div class=\"elementor-widget-wrap elementor-element-populated\">\n\t\t\t\t\t\t<div class=\"elementor-element elementor-element-12e93664 elementor-widget elementor-widget-spacer\" data-id=\"12e93664\" data-element_type=\"widget\" data-e-type=\"widget\" data-widget_type=\"spacer.default\">\n\t\t\t\t<div class=\"elementor-widget-container\">\n\t\t\t\t\t\t\t<div class=\"elementor-spacer\">\n\t\t\t<div class=\"elementor-spacer-inner\"><\/div>\n\t\t<\/div>\n\t\t\t\t\t\t<\/div>\n\t\t\t\t<\/div>\n\t\t\t\t<div class=\"elementor-element elementor-element-a95cff1 wpr-adv-slider-columns-2 wpr-adv-slider-columns--tablet1 wpr-adv-slider-columns--mobile1 wpr-adv-slides-to-scroll-1 wpr-slider-dots-horizontal wpr-slider-nav-position-custom elementor-widget elementor-widget-wpr-advanced-slider\" data-id=\"a95cff1\" data-element_type=\"widget\" data-e-type=\"widget\" data-settings=\"{&quot;_animation&quot;:&quot;none&quot;,&quot;slides_to_scroll&quot;:1,&quot;slider_autoplay&quot;:&quot;yes&quot;,&quot;slider_autoplay_duration&quot;:4,&quot;slider_loop&quot;:&quot;yes&quot;,&quot;slider_hide_video_content&quot;:&quot;yes&quot;,&quot;slider_video_btn_size&quot;:&quot;medium&quot;}\" data-widget_type=\"wpr-advanced-slider.default\">\n\t\t\t\t<div class=\"elementor-widget-container\">\n\t\t\t\t\t\n\t\t<!-- Advanced Slider -->\n\t\t<div class=\"wpr-advanced-slider-wrap\">\n\t\t\t\n\t\t\t<div class=\"wpr-advanced-slider\" dir=\"ltr\" data-slick=\"{&quot;rtl&quot;:false,&quot;infinite&quot;:true,&quot;speed&quot;:700,&quot;arrows&quot;:true,&quot;dots&quot;:true,&quot;autoplay&quot;:true,&quot;autoplaySpeed&quot;:4000,&quot;pauseOnHover&quot;:&quot;yes&quot;,&quot;prevArrow&quot;:&quot;#wpr-slider-prev-a95cff1&quot;,&quot;nextArrow&quot;:&quot;#wpr-slider-next-a95cff1&quot;,&quot;vertical&quot;:false,&quot;adaptiveHeight&quot;:true}\" data-hide-video-content=\"yes\" data-video-btn-size=\"{&quot;widescreen&quot;:&quot;medium&quot;,&quot;desktop&quot;:&quot;medium&quot;,&quot;laptop&quot;:&quot;medium&quot;,&quot;tablet_extra&quot;:&quot;medium&quot;,&quot;tablet&quot;:&quot;medium&quot;,&quot;mobile_extra&quot;:&quot;medium&quot;,&quot;mobile&quot;:&quot;medium&quot;}\" data-slide-effect=\"slide\">\n\t\t\t\t<div class=\"wpr-slider-item elementor-repeater-item-af2bb90\"><div class=\"wpr-slider-item-bg\" style=\"background-image: url(https:\/\/santareliquiawines.com\/wp-content\/uploads\/2025\/06\/3.png)\"><\/div><div class=\"wpr-cv-container\"><div class=\"wpr-cv-outer\"><div class=\"wpr-cv-inner\"><div class=\"wpr-slider-item-overlay\"><\/div><div class=\"wpr-slider-content\"><div class=\"wpr-slider-title\"><h2>Douro-regionen<\/h2><\/div><div class=\"wpr-slider-sub-title\"><h3>R\u00f6da viner med djup och struktur, mineraliga vita viner och karakteristiska reserver. Douro n\u00e4r det \u00e4r som b\u00e4st.<\/h3><\/div><div class=\"wpr-slider-btns\"><a class=\"wpr-slider-primary-btn\" href=\"https:\/\/santareliquiawines.com\/sv\/douro\/\">P\u00e5 uppt\u00e4cktsf\u00e4rd bland Douros viner<\/a><\/div><\/div><\/div><\/div><\/div><\/div><div class=\"wpr-slider-item elementor-repeater-item-7f0dddd\"><div class=\"wpr-slider-item-bg\" style=\"background-image: url(https:\/\/santareliquiawines.com\/wp-content\/uploads\/2025\/06\/2.png)\"><\/div><div class=\"wpr-cv-container\"><div class=\"wpr-cv-outer\"><div class=\"wpr-cv-inner\"><div class=\"wpr-slider-item-overlay\"><\/div><div class=\"wpr-slider-content\"><div class=\"wpr-slider-title\"><h2>Minho-regionen - Vinho Verde<\/h2><\/div><div class=\"wpr-slider-sub-title\"><h3>Gr\u00f6na viner med en atlantisk sj\u00e4l och en aromatisk finish. En s\u00e4llsynt friskhet p\u00e5 flaska.<\/h3><\/div><div class=\"wpr-slider-btns\"><a class=\"wpr-slider-primary-btn\" href=\"https:\/\/santareliquiawines.com\/sv\/minho-vinhosverdes\/\">Se viner fr\u00e5n Minho<\/a><\/div><\/div><\/div><\/div><\/div><\/div><div class=\"wpr-slider-item elementor-repeater-item-274850a\"><div class=\"wpr-slider-item-bg\" style=\"background-image: url(https:\/\/santareliquiawines.com\/wp-content\/uploads\/2025\/06\/rbdnzboijnb.png)\"><\/div><div class=\"wpr-cv-container\"><div class=\"wpr-cv-outer\"><div class=\"wpr-cv-inner\"><div class=\"wpr-slider-item-overlay\"><\/div><div class=\"wpr-slider-content\"><div class=\"wpr-slider-title\"><h2>Lissabon-regionen<\/h2><\/div><div class=\"wpr-slider-sub-title\"><h3>Traditionella druvsorter i ett modernt uttryck. Balanserat r\u00f6tt och ljust vitt med kustens elegans.<\/h3><\/div><div class=\"wpr-slider-btns\"><a class=\"wpr-slider-primary-btn\" href=\"https:\/\/santareliquiawines.com\/sv\/lisboa\/\">L\u00e4r k\u00e4nna Lissabons viner<\/a><\/div><\/div><\/div><\/div><\/div><\/div><div class=\"wpr-slider-item elementor-repeater-item-4dd0ad7\"><div class=\"wpr-slider-item-bg\" style=\"background-image: url(https:\/\/santareliquiawines.com\/wp-content\/uploads\/2025\/06\/5.png)\"><\/div><div class=\"wpr-cv-container\"><div class=\"wpr-cv-outer\"><div class=\"wpr-cv-inner\"><div class=\"wpr-slider-item-overlay\"><\/div><div class=\"wpr-slider-content\"><div class=\"wpr-slider-title\"><h2>Alentejo-regionen<\/h2><\/div><div class=\"wpr-slider-sub-title\"><h3>Tropiska vita viner med livlig syra och gener\u00f6sa r\u00f6da viner med varm kropp. Det soliga uttrycket f\u00f6r s\u00f6dern i ett enda glas.<\/h3><\/div><div class=\"wpr-slider-btns\"><a class=\"wpr-slider-primary-btn\" href=\"https:\/\/santareliquiawines.com\/sv\/alentejo\/\">Uppt\u00e4ck vinerna fr\u00e5n Alentejo<\/a><\/div><\/div><\/div><\/div><\/div><\/div>\t\t\t<\/div>\n\t\t\t<div class=\"wpr-slider-controls\">\n\t\t\t\t<div class=\"wpr-slider-dots\"><\/div>\n\t\t\t<\/div>\n\n\t\t\t<div class=\"wpr-slider-arrow-container\">\n\t\t\t\t<div class=\"wpr-slider-prev-arrow wpr-slider-arrow\" id=\"wpr-slider-prev-a95cff1\">\n\t\t\t\t\t<svg version=\"1.1\" xmlns=\"http:\/\/www.w3.org\/2000\/svg\" xmlns:xlink=\"http:\/\/www.w3.org\/1999\/xlink\" x=\"0px\" y=\"0px\" viewbox=\"0 0 283.4 512\" style=\"enable-background:new 0 0 283.4 512;\" xml:space=\"preserve\"><g><polygon class=\"st0\" points=\"54.5,256.3 283.4,485.1 256.1,512.5 0,256.3 0,256.3 27.2,229 256.1,0 283.4,27.4 \"\/><\/g><\/svg>\t\t\t\t<\/div>\n\t\t\t\t<div class=\"wpr-slider-next-arrow wpr-slider-arrow\" id=\"wpr-slider-next-a95cff1\">\n\t\t\t\t\t<svg version=\"1.1\" xmlns=\"http:\/\/www.w3.org\/2000\/svg\" xmlns:xlink=\"http:\/\/www.w3.org\/1999\/xlink\" x=\"0px\" y=\"0px\" viewbox=\"0 0 283.4 512\" style=\"enable-background:new 0 0 283.4 512;\" xml:space=\"preserve\"><g><polygon class=\"st0\" points=\"54.5,256.3 283.4,485.1 256.1,512.5 0,256.3 0,256.3 27.2,229 256.1,0 283.4,27.4 \"\/><\/g><\/svg>\t\t\t\t<\/div>\n\t\t\t<\/div>\n\t\t\t\n\t\t\t<a class=\"wpr-slider-scroll-btn\" ><\/a>\n\t\t<\/div>\n\t\t\t\t\t\t<\/div>\n\t\t\t\t<\/div>\n\t\t\t\t\t<\/div>\n\t\t<\/div>\n\t\t\t\t\t<\/div>\n\t\t<\/section>\n\t\t\t\t<\/div>","protected":false},"excerpt":{"rendered":"<p>Douro-regionen R\u00f6da viner med djup och struktur, mineraliga vita viner och karakt\u00e4ristiska reserver. Douro n\u00e4r det \u00e4r som b\u00e4st. Utforska Douro-viner Minho-regionen - Vinhos Verdes Gr\u00f6na viner med en atlantisk sj\u00e4l och en aromatisk finish. En s\u00e4llsynt friskhet p\u00e5 flaska. Se Minho-vinerna Lissabonregionen Traditionella druvsorter i modernt uttryck. Balanserade r\u00f6da och ljusa vita viner med kustens elegans. Uppt\u00e4ck vinerna fr\u00e5n Lissabon Alentejo-regionen Tropiska vita viner med livlig syra och varma, fylliga r\u00f6da viner. Det soliga uttrycket f\u00f6r s\u00f6dern i ett enda glas. Uppt\u00e4ck vinerna fr\u00e5n Alentejo<\/p>","protected":false},"author":1,"featured_media":0,"parent":0,"menu_order":0,"comment_status":"closed","ping_status":"closed","template":"","meta":{"_eb_attr":"","_joinchat":[],"footnotes":""},"class_list":["post-1160","page","type-page","status-publish","hentry"],"_links":{"self":[{"href":"https:\/\/santareliquiawines.com\/sv\/wp-json\/wp\/v2\/pages\/1160","targetHints":{"allow":["GET"]}}],"collection":[{"href":"https:\/\/santareliquiawines.com\/sv\/wp-json\/wp\/v2\/pages"}],"about":[{"href":"https:\/\/santareliquiawines.com\/sv\/wp-json\/wp\/v2\/types\/page"}],"author":[{"embeddable":true,"href":"https:\/\/santareliquiawines.com\/sv\/wp-json\/wp\/v2\/users\/1"}],"replies":[{"embeddable":true,"href":"https:\/\/santareliquiawines.com\/sv\/wp-json\/wp\/v2\/comments?post=1160"}],"version-history":[{"count":69,"href":"https:\/\/santareliquiawines.com\/sv\/wp-json\/wp\/v2\/pages\/1160\/revisions"}],"predecessor-version":[{"id":3308,"href":"https:\/\/santareliquiawines.com\/sv\/wp-json\/wp\/v2\/pages\/1160\/revisions\/3308"}],"wp:attachment":[{"href":"https:\/\/santareliquiawines.com\/sv\/wp-json\/wp\/v2\/media?parent=1160"}],"curies":[{"name":"wp","href":"https:\/\/api.w.org\/{rel}","templated":true}]}}