{"id":2656,"date":"2025-06-25T18:48:46","date_gmt":"2025-06-25T18:48:46","guid":{"rendered":"https:\/\/santareliquiawines.com\/?page_id=2656"},"modified":"2025-08-01T10:06:59","modified_gmt":"2025-08-01T10:06:59","slug":"carrinho","status":"publish","type":"page","link":"https:\/\/santareliquiawines.com\/sv\/carrinho\/","title":{"rendered":"Varukorg"},"content":{"rendered":"<div data-elementor-type=\"wp-page\" data-elementor-id=\"2656\" class=\"elementor elementor-2656\">\n\t\t\t\t\t\t<section class=\"elementor-section elementor-top-section elementor-element elementor-element-3cc41e41 elementor-section-height-min-height elementor-section-boxed elementor-section-height-default elementor-section-items-middle wpr-particle-no wpr-jarallax-no wpr-parallax-no wpr-sticky-section-no wpr-equal-height-no\" data-id=\"3cc41e41\" data-element_type=\"section\" data-e-type=\"section\" data-settings=\"{&quot;background_background&quot;:&quot;classic&quot;,&quot;shape_divider_bottom&quot;:&quot;waves&quot;}\">\n\t\t\t\t\t\t\t<div class=\"elementor-background-overlay\"><\/div>\n\t\t\t\t\t\t<div class=\"elementor-shape elementor-shape-bottom\" aria-hidden=\"true\" data-negative=\"false\">\n\t\t\t<svg xmlns=\"http:\/\/www.w3.org\/2000\/svg\" viewbox=\"0 0 1000 100\" preserveaspectratio=\"none\">\n\t<path class=\"elementor-shape-fill\" d=\"M421.9,6.5c22.6-2.5,51.5,0.4,75.5,5.3c23.6,4.9,70.9,23.5,100.5,35.7c75.8,32.2,133.7,44.5,192.6,49.7\tc23.6,2.1,48.7,3.5,103.4-2.5c54.7-6,106.2-25.6,106.2-25.6V0H0v30.3c0,0,72,32.6,158.4,30.5c39.2-0.7,92.8-6.7,134-22.4\tc21.2-8.1,52.2-18.2,79.7-24.2C399.3,7.9,411.6,7.5,421.9,6.5z\"\/>\n<\/svg>\t\t<\/div>\n\t\t\t\t\t<div class=\"elementor-container elementor-column-gap-default\">\n\t\t\t\t\t<div class=\"elementor-column elementor-col-100 elementor-top-column elementor-element elementor-element-1e953409\" data-id=\"1e953409\" data-element_type=\"column\" data-e-type=\"column\">\n\t\t\t<div class=\"elementor-widget-wrap elementor-element-populated\">\n\t\t\t\t\t\t<div class=\"elementor-element elementor-element-2c7cbb5 elementor-widget elementor-widget-spacer\" data-id=\"2c7cbb5\" data-element_type=\"widget\" data-e-type=\"widget\" data-widget_type=\"spacer.default\">\n\t\t\t\t<div class=\"elementor-widget-container\">\n\t\t\t\t\t\t\t<div class=\"elementor-spacer\">\n\t\t\t<div class=\"elementor-spacer-inner\"><\/div>\n\t\t<\/div>\n\t\t\t\t\t\t<\/div>\n\t\t\t\t<\/div>\n\t\t\t\t<div class=\"elementor-element elementor-element-45e933fa elementor-widget elementor-widget-heading\" data-id=\"45e933fa\" data-element_type=\"widget\" data-e-type=\"widget\" data-widget_type=\"heading.default\">\n\t\t\t\t<div class=\"elementor-widget-container\">\n\t\t\t\t\t<h2 class=\"elementor-heading-title elementor-size-default\">Varukorg<\/h2>\t\t\t\t<\/div>\n\t\t\t\t<\/div>\n\t\t\t\t\t<\/div>\n\t\t<\/div>\n\t\t\t\t\t<\/div>\n\t\t<\/section>\n\t\t<div class=\"elementor-element elementor-element-42c5f77 e-flex e-con-boxed wpr-particle-no wpr-jarallax-no wpr-parallax-no wpr-sticky-section-no wpr-equal-height-no e-con e-parent\" data-id=\"42c5f77\" data-element_type=\"container\" data-e-type=\"container\">\n\t\t\t\t\t<div class=\"e-con-inner\">\n\t\t\t\t<div class=\"elementor-element elementor-element-6e01869 elementor-widget elementor-widget-spacer\" data-id=\"6e01869\" data-element_type=\"widget\" data-e-type=\"widget\" data-widget_type=\"spacer.default\">\n\t\t\t\t<div class=\"elementor-widget-container\">\n\t\t\t\t\t\t\t<div class=\"elementor-spacer\">\n\t\t\t<div class=\"elementor-spacer-inner\"><\/div>\n\t\t<\/div>\n\t\t\t\t\t\t<\/div>\n\t\t\t\t<\/div>\n\t\t\t\t<div class=\"elementor-element elementor-element-95ef575 elementor-widget-mobile__width-initial elementor-widget elementor-widget-text-editor\" data-id=\"95ef575\" data-element_type=\"widget\" data-e-type=\"widget\" data-widget_type=\"text-editor.default\">\n\t\t\t\t<div class=\"elementor-widget-container\">\n\t\t\t\t\t\t\t\t\t<p>Varje enhet som l\u00e4ggs till motsvarar 1 l\u00e5da (6 flaskor).<\/p>\t\t\t\t\t\t\t\t<\/div>\n\t\t\t\t<\/div>\n\t\t\t\t<div class=\"elementor-element elementor-element-c1a0677 elementor-alert-info elementor-widget elementor-widget-alert\" data-id=\"c1a0677\" data-element_type=\"widget\" data-e-type=\"widget\" data-widget_type=\"alert.default\">\n\t\t\t\t<div class=\"elementor-widget-container\">\n\t\t\t\t\t\t\t<div class=\"elementor-alert\" role=\"alert\">\n\n\t\t\t\n\t\t\t\t\t\t<span class=\"elementor-alert-description\">5\u202f% rabatt p\u00e5 k\u00f6p \u00f6ver 50\u202f\u20ac \u2013 COMPRAS50<\/span>\n\t\t\t\n\t\t\t\n\t\t<\/div>\n\t\t\t\t\t\t<\/div>\n\t\t\t\t<\/div>\n\t\t\t\t\t<\/div>\n\t\t\t\t<\/div>\n\t\t\t\t<\/div>","protected":false},"excerpt":{"rendered":"<p>Kundvagn Varje enhet som l\u00e4ggs till representerar 1 l\u00e5da (6 flaskor). Rabatt p\u00e5 5% f\u00f6r k\u00f6p \u00f6ver 50 \u20ac - COMPRAS50 Produktpris Kvantitet Delsumma \u00d7 DOC Douro Tinto 45.00 \u20ac Kvantitet DOC Douro Tinto 45.00 \u20ac L\u00e4gg till i kundvagnen Till\u00e4mpa kupong Total delsumma 45.00 \u20ac Frakt Gratis frakt till Rua Dom Bosco 45, 2765-613 Lisboa. \u00c4ndra adress Land \/ region V\u00e4lj ett land \/ en region...AfghanistanSydafrika\u00c5lands\u00f6arnaAlbanienTysklandAndorraAngolaAnguillaAntarktisAntigua och BarbudaSaudiarabienArgelienArgentinaArmenienArubaAustralien\u00d6sterrikeAzerbaijanBahamasBahrainBangladeshBarbadosBelgienBelizeBeninBermudaBelarusBoliviaBonaire, Saint Eustatius och SabaBosnien och HercegovinaBotsuanaBrasilienBruneiBulgarienBurkina FasoBurundiBhutanCabo VerdeKamerunCambodjaCanadaCatarCzakhstanChadChileChinaCypernColombiaComorosNordmarianernas gemenskapCongo (Brazzaville)Kongo (Kinshasa)NordkoreaSydkoreaIvorflodenCosta Costa RicaKubaCura\u00e7aoDenmarkDominicaEgyptenF\u00f6renta ArabemiratenEcuadorEritreaSlovakienSlovenienSpanienF\u00f6renta Staterna (US)EstlandEskatiniEtiopienFar\u00f6FijiPhilippinerFinlandFrankrikeGabonGambiaGhanaGeorgienGibraltarGranadaGreklandGreklandGuadeloupeGuamGuatemalaGuerneseyGuianaGuiana FrancesaGuin\u00e9Guinea-EkvatorialguineaGuin\u00e9-BissauHaitiHondurasHongkongUngernIemenBouvet\u00f6nChristmas IslandHeard Island och McDonald\u00f6arnaNorfolk\u00f6nCayman\u00f6arnaCook\u00f6arnaCocos\u00f6arnaFalklands\u00f6arnaSydgeorgien och Sydsandwich\u00f6arnaMarshall\u00f6arnaF\u00f6renta staternas mindre \u00f6ar utanf\u00f6r kustenPitcairn\u00f6arnaSolomon\u00f6arnaTurkiska och Caicos IslandsIndiaIndonesiaIranIraqIrelandIcelandIsraelItalyJamaicaJapanJerseyJiboutiJordanKoweitLaosLesothoLatviaLebanonLiberiaLibyaListenstaineLithuaniaLuxembourgMacauMadagascarMayoteMalaysiaMalawiMaldivesMaliMaltaMoroccoMartinicaMauritiusMauritaniaMexicoMyanmar\/BurmaMicronesiaMozambiqueMoldovaMonacoMongoliaMonserrateMontenegroNamibiaNauruNepalNicaraguaNigerNigeriaNiueNorth MacedoniaNorwayNew ZealandMongoliaMontenegroMontenegroNauruNepalNicaraguaNigerNigeriaNigeriaNiueNorth MakedonienNorwayNew CaledoniaNew ZealandOmanNetherlandsPanamaPapua-Nya GuineaPakistanParaguayPeruFranska PolynesienPolenPorto RicoPortugalKenyaKyrgyzstanQuiribatiF\u00f6renta kungariket (UK)Centralafrikanska republikenDominikanska republikenDanmarkDanmarkReunionRum\u00e4nienRwandaRysslandS\u00e3o Tom\u00e9 och Pr\u00edncipeSalvadorSamoaSamoa AmericanaSanta HelenaSanta LuciaS\u00e3o BartolomeuS\u00e3o Crist\u00f3v\u00e3o e NevesS\u00e3o MarinhoS\u00e3o Martinho (Nederl\u00e4ndska Antillerna)S\u00e3o Pedro e Miquel\u00e3oS\u00e3o Vicente e GranadinasSara V\u00e4stra SeychellernaSenegalSierra LeoneSerbienSingaporeSyrienSomaliaSri LankaSudanSydsudanSverigeSchweizSurinamSvalbard och Jan MayenThailandTaiwanTajikistanTanzaniaFranska territoriet i s\u00f6dra AntarktisBrittiska territoriet i Indiska oceanenPalestinska territorietTimor-\u00d6st\u00d6stTogoTongaToquelauTrinidad och TobagoTunisienTurkmenistanTurkietTuvaluUkrainaUgandaUruguayUzbekistanVanuatuVaticanVenezuelaVietnamVirgin Islands (British)Virgin Islands (US)Wallis and FutunaZambiaZimbabwe City: Postnummer: Totalt 45.00\u20ac Forts\u00e4tt till kassan<\/p>","protected":false},"author":1,"featured_media":0,"parent":0,"menu_order":0,"comment_status":"closed","ping_status":"closed","template":"","meta":{"_eb_attr":"","_joinchat":[],"footnotes":""},"class_list":["post-2656","page","type-page","status-publish","hentry"],"_links":{"self":[{"href":"https:\/\/santareliquiawines.com\/sv\/wp-json\/wp\/v2\/pages\/2656","targetHints":{"allow":["GET"]}}],"collection":[{"href":"https:\/\/santareliquiawines.com\/sv\/wp-json\/wp\/v2\/pages"}],"about":[{"href":"https:\/\/santareliquiawines.com\/sv\/wp-json\/wp\/v2\/types\/page"}],"author":[{"embeddable":true,"href":"https:\/\/santareliquiawines.com\/sv\/wp-json\/wp\/v2\/users\/1"}],"replies":[{"embeddable":true,"href":"https:\/\/santareliquiawines.com\/sv\/wp-json\/wp\/v2\/comments?post=2656"}],"version-history":[{"count":66,"href":"https:\/\/santareliquiawines.com\/sv\/wp-json\/wp\/v2\/pages\/2656\/revisions"}],"predecessor-version":[{"id":3026,"href":"https:\/\/santareliquiawines.com\/sv\/wp-json\/wp\/v2\/pages\/2656\/revisions\/3026"}],"wp:attachment":[{"href":"https:\/\/santareliquiawines.com\/sv\/wp-json\/wp\/v2\/media?parent=2656"}],"curies":[{"name":"wp","href":"https:\/\/api.w.org\/{rel}","templated":true}]}}