{"id":2681,"date":"2025-06-26T14:46:32","date_gmt":"2025-06-26T14:46:32","guid":{"rendered":"https:\/\/santareliquiawines.com\/?post_type=product&#038;p=2681"},"modified":"2025-07-11T17:31:36","modified_gmt":"2025-07-11T17:31:36","slug":"regional-alentejo-tinto","status":"publish","type":"product","link":"https:\/\/santareliquiawines.com\/sv\/product\/regional-alentejo-tinto\/","title":{"rendered":"Regional Alentejo R\u00f6d"},"content":{"rendered":"<p data-start=\"104\" data-end=\"411\">Detta r\u00f6da Alentejo-vin, som framst\u00e4lls av druvorna Trincadeira, Aragonez och Alicante Bouschet, har en djup f\u00e4rg och en fyllig profil. Med aromer av mogen frukt och en l\u00e4tt rostad smak \u00e4r det perfekt f\u00f6r intensiva r\u00e4tter eller grillat k\u00f6tt.<\/p>","protected":false},"excerpt":{"rendered":"<p>Detta r\u00f6da Alentejo-vin, som framst\u00e4lls av druvorna Trincadeira, Aragonez och Alicante Bouschet, har en djup f\u00e4rg och en fyllig profil. Med aromer av mogen frukt och en l\u00e4tt rostad smak \u00e4r det perfekt f\u00f6r intensiva r\u00e4tter eller grillat k\u00f6tt.<\/p>","protected":false},"featured_media":1911,"comment_status":"open","ping_status":"closed","template":"","meta":{"_eb_attr":"","_joinchat":[]},"product_brand":[],"product_cat":[43],"product_tag":[],"class_list":{"0":"post-2681","1":"product","2":"type-product","3":"status-publish","4":"has-post-thumbnail","6":"product_cat-alentejo","8":"first","9":"instock","10":"taxable","11":"shipping-taxable","12":"purchasable","13":"product-type-simple"},"_links":{"self":[{"href":"https:\/\/santareliquiawines.com\/sv\/wp-json\/wp\/v2\/product\/2681","targetHints":{"allow":["GET"]}}],"collection":[{"href":"https:\/\/santareliquiawines.com\/sv\/wp-json\/wp\/v2\/product"}],"about":[{"href":"https:\/\/santareliquiawines.com\/sv\/wp-json\/wp\/v2\/types\/product"}],"replies":[{"embeddable":true,"href":"https:\/\/santareliquiawines.com\/sv\/wp-json\/wp\/v2\/comments?post=2681"}],"wp:featuredmedia":[{"embeddable":true,"href":"https:\/\/santareliquiawines.com\/sv\/wp-json\/wp\/v2\/media\/1911"}],"wp:attachment":[{"href":"https:\/\/santareliquiawines.com\/sv\/wp-json\/wp\/v2\/media?parent=2681"}],"wp:term":[{"taxonomy":"product_brand","embeddable":true,"href":"https:\/\/santareliquiawines.com\/sv\/wp-json\/wp\/v2\/product_brand?post=2681"},{"taxonomy":"product_cat","embeddable":true,"href":"https:\/\/santareliquiawines.com\/sv\/wp-json\/wp\/v2\/product_cat?post=2681"},{"taxonomy":"product_tag","embeddable":true,"href":"https:\/\/santareliquiawines.com\/sv\/wp-json\/wp\/v2\/product_tag?post=2681"}],"curies":[{"name":"wp","href":"https:\/\/api.w.org\/{rel}","templated":true}]}}