{"id":2686,"date":"2025-06-26T14:49:59","date_gmt":"2025-06-26T14:49:59","guid":{"rendered":"https:\/\/santareliquiawines.com\/?post_type=product&#038;p=2686"},"modified":"2025-08-13T15:19:58","modified_gmt":"2025-08-13T15:19:58","slug":"doc-verde-branco","status":"publish","type":"product","link":"https:\/\/santareliquiawines.com\/sv\/product\/doc-verde-branco\/","title":{"rendered":"DOC Verde Vit"},"content":{"rendered":"<p data-start=\"134\" data-end=\"345\">Uppt\u00e4ck DOC Verde Branco, ett l\u00e4tt och livfullt vin gjort p\u00e5 druvsorterna Alvarinho, Avesso och Loureiro. Det har balanserad syra och friska aromatiska toner, perfekt f\u00f6r varma dagar och l\u00e4tta r\u00e4tter.<\/p>","protected":false},"excerpt":{"rendered":"<p>Uppt\u00e4ck DOC Verde Branco, ett l\u00e4tt och livfullt vin gjort p\u00e5 druvsorterna Alvarinho, Avesso och Loureiro. Det har balanserad syra och friska aromatiska toner, perfekt f\u00f6r varma dagar och l\u00e4tta r\u00e4tter.<\/p>","protected":false},"featured_media":3324,"comment_status":"open","ping_status":"closed","template":"","meta":{"_eb_attr":"","_joinchat":[]},"product_brand":[],"product_cat":[41],"product_tag":[],"class_list":{"0":"post-2686","1":"product","2":"type-product","3":"status-publish","4":"has-post-thumbnail","6":"product_cat-minho","8":"first","9":"instock","10":"taxable","11":"shipping-taxable","12":"purchasable","13":"product-type-simple"},"_links":{"self":[{"href":"https:\/\/santareliquiawines.com\/sv\/wp-json\/wp\/v2\/product\/2686","targetHints":{"allow":["GET"]}}],"collection":[{"href":"https:\/\/santareliquiawines.com\/sv\/wp-json\/wp\/v2\/product"}],"about":[{"href":"https:\/\/santareliquiawines.com\/sv\/wp-json\/wp\/v2\/types\/product"}],"replies":[{"embeddable":true,"href":"https:\/\/santareliquiawines.com\/sv\/wp-json\/wp\/v2\/comments?post=2686"}],"wp:featuredmedia":[{"embeddable":true,"href":"https:\/\/santareliquiawines.com\/sv\/wp-json\/wp\/v2\/media\/3324"}],"wp:attachment":[{"href":"https:\/\/santareliquiawines.com\/sv\/wp-json\/wp\/v2\/media?parent=2686"}],"wp:term":[{"taxonomy":"product_brand","embeddable":true,"href":"https:\/\/santareliquiawines.com\/sv\/wp-json\/wp\/v2\/product_brand?post=2686"},{"taxonomy":"product_cat","embeddable":true,"href":"https:\/\/santareliquiawines.com\/sv\/wp-json\/wp\/v2\/product_cat?post=2686"},{"taxonomy":"product_tag","embeddable":true,"href":"https:\/\/santareliquiawines.com\/sv\/wp-json\/wp\/v2\/product_tag?post=2686"}],"curies":[{"name":"wp","href":"https:\/\/api.w.org\/{rel}","templated":true}]}}