{"id":2987,"date":"2025-07-13T22:02:27","date_gmt":"2025-07-13T22:02:27","guid":{"rendered":"https:\/\/santareliquiawines.com\/?post_type=product&#038;p=2987"},"modified":"2025-07-22T21:49:40","modified_gmt":"2025-07-22T21:49:40","slug":"cabaz-douro","status":"publish","type":"product","link":"https:\/\/santareliquiawines.com\/sv\/product\/cabaz-douro\/","title":{"rendered":"Vinpaket \u2013 Douro"},"content":{"rendered":"<p data-start=\"1357\" data-end=\"1506\">Styrkan och elegansen i Douro kombineras i ett urval av tv\u00e5 intensiva viner. Denna korg inneh\u00e5ller tv\u00e5 r\u00f6da reservviner och ett r\u00f6tt DOC Douro:<\/p>\n<ul data-start=\"1508\" data-end=\"1753\">\n<li data-start=\"1508\" data-end=\"1646\">\n<p data-start=\"1510\" data-end=\"1646\">DOC Douro Red Reserve \u2013 Strukturerat vin med toner av m\u00f6rka frukter, tr\u00e4 och kryddor. Lagrat f\u00f6r en sofistikerad profil.<\/p>\n<\/li>\n<li data-start=\"1647\" data-end=\"1753\">\n<p data-start=\"1649\" data-end=\"1753\">DOC Douro Red - Ett direkt och balanserat vin, med mogen r\u00f6d frukt och en liten kryddighet.<\/p>\n<\/li>\n<\/ul>\n<p data-start=\"1755\" data-end=\"1834\">F\u00f6r speciella stunder eller f\u00f6r att berika vink\u00e4llaren med Douro-klassiker.<\/p>","protected":false},"excerpt":{"rendered":"<p>A for\u00e7a e eleg\u00e2ncia do Douro reunidas numa sele\u00e7\u00e3o de dois vinhos intensos. Este cabaz inclui dois Vinhos Tinto Reserva e um DOC Douro Tinto: DOC Douro Tinto Reserva \u2013 Estruturado, com notas de frutos escuros, madeira e especiarias. Envelhecido para um perfil sofisticado. DOC Douro Tinto \u2013 Vinho direto e equilibrado, com fruta vermelha madura e leve toque de especiarias. Para momentos especiais ou para enriquecer a garrafeira com cl\u00e1ssicos do Douro.<\/p>","protected":false},"featured_media":3060,"comment_status":"open","ping_status":"closed","template":"","meta":{"_eb_attr":"","_joinchat":[]},"product_brand":[],"product_cat":[49],"product_tag":[],"class_list":{"0":"post-2987","1":"product","2":"type-product","3":"status-publish","4":"has-post-thumbnail","6":"product_cat-selecoes-santa-reliquia","8":"first","9":"instock","10":"taxable","11":"shipping-taxable","12":"purchasable","13":"product-type-simple"},"_links":{"self":[{"href":"https:\/\/santareliquiawines.com\/sv\/wp-json\/wp\/v2\/product\/2987","targetHints":{"allow":["GET"]}}],"collection":[{"href":"https:\/\/santareliquiawines.com\/sv\/wp-json\/wp\/v2\/product"}],"about":[{"href":"https:\/\/santareliquiawines.com\/sv\/wp-json\/wp\/v2\/types\/product"}],"replies":[{"embeddable":true,"href":"https:\/\/santareliquiawines.com\/sv\/wp-json\/wp\/v2\/comments?post=2987"}],"wp:featuredmedia":[{"embeddable":true,"href":"https:\/\/santareliquiawines.com\/sv\/wp-json\/wp\/v2\/media\/3060"}],"wp:attachment":[{"href":"https:\/\/santareliquiawines.com\/sv\/wp-json\/wp\/v2\/media?parent=2987"}],"wp:term":[{"taxonomy":"product_brand","embeddable":true,"href":"https:\/\/santareliquiawines.com\/sv\/wp-json\/wp\/v2\/product_brand?post=2987"},{"taxonomy":"product_cat","embeddable":true,"href":"https:\/\/santareliquiawines.com\/sv\/wp-json\/wp\/v2\/product_cat?post=2987"},{"taxonomy":"product_tag","embeddable":true,"href":"https:\/\/santareliquiawines.com\/sv\/wp-json\/wp\/v2\/product_tag?post=2987"}],"curies":[{"name":"wp","href":"https:\/\/api.w.org\/{rel}","templated":true}]}}