{"id":3008,"date":"2025-07-14T21:14:33","date_gmt":"2025-07-14T21:14:33","guid":{"rendered":"https:\/\/santareliquiawines.com\/?post_type=product&#038;p=3008"},"modified":"2025-07-22T21:48:54","modified_gmt":"2025-07-22T21:48:54","slug":"cabaz-de-verdes","status":"publish","type":"product","link":"https:\/\/santareliquiawines.com\/sv\/product\/cabaz-de-verdes\/","title":{"rendered":"Vinpaket \u2013 Verdes"},"content":{"rendered":"<p data-start=\"163\" data-end=\"418\">Uppt\u00e4ck den l\u00e4tta och livfulla k\u00e4nslan i norra Portugal med denna noggrant utvalda korg, perfekt f\u00f6r varma dagar eller l\u00e4ttare m\u00e5ltider. Denna upps\u00e4ttning best\u00e5r av tv\u00e5 DOC-viner fr\u00e5n Vinho Verde-regionen och hyllar atlantisk friskhet och elegans:<\/p>\n<ul data-start=\"420\" data-end=\"876\">\n<li data-start=\"420\" data-end=\"664\">\n<p data-start=\"422\" data-end=\"664\">DOC Verde White - Framst\u00e4llt av druvsorterna Alvarinho, Avesso och Loureiro \u00e4r detta ett l\u00e4tt, livfullt och balanserat vin. Det har uppfriskande syra och fr\u00e4scha aromatiska toner, vilket g\u00f6r det till det perfekta valet f\u00f6r l\u00e4tta r\u00e4tter och soliga dagar.<\/p>\n<\/li>\n<li data-start=\"666\" data-end=\"876\">\n<p data-start=\"668\" data-end=\"876\">DOC Verde Rosado - En ros\u00e9 med en levande lila f\u00e4rg, resultatet av en kombination av Espadeiro och Touriga Nacional. Med fruktiga aromer och en sprudlande touch \u00e4r det kr\u00e4migt och uppfriskande, perfekt f\u00f6r avslappnade stunder.<\/p>\n<\/li>\n<\/ul>\n<p data-start=\"878\" data-end=\"1020\">Den h\u00e4r korgen \u00e4r perfekt f\u00f6r dem som uppskattar viner med friskhet och personlighet och \u00e4r en utm\u00e4rkt introduktion till rikedomen i portugisisk vinho verde.<\/p>","protected":false},"excerpt":{"rendered":"<p>Descubra a leveza e a vivacidade do norte de Portugal com este cabaz cuidadosamente selecionado, ideal para dias quentes ou refei\u00e7\u00f5es leves. Composto por dois vinhos DOC da regi\u00e3o dos Vinhos Verdes, este conjunto celebra o frescor e a eleg\u00e2ncia atl\u00e2ntica: DOC Verde Branco \u2013 Produzido a partir das castas Alvarinho, Avesso e Loureiro, \u00e9 um vinho leve, vibrante e equilibrado. Apresenta acidez refrescante e notas arom\u00e1ticas frescas, sendo a escolha perfeita para pratos leves e dias soalheiros. DOC Verde Rosado \u2013 Um ros\u00e9 de cor p\u00farpura viva, resultado da combina\u00e7\u00e3o de Espadeiro e Touriga Nacional. De aromas frutados e toque gaseificado, \u00e9 cremoso e refrescante, ideal para momentos descontra\u00eddos. Perfeito para quem aprecia vinhos com frescura e personalidade, este cabaz \u00e9 uma excelente introdu\u00e7\u00e3o \u00e0 riqueza dos vinhos verdes portugueses.<\/p>","protected":false},"featured_media":3014,"comment_status":"open","ping_status":"closed","template":"","meta":{"_eb_attr":"","_joinchat":[]},"product_brand":[],"product_cat":[49],"product_tag":[],"class_list":{"0":"post-3008","1":"product","2":"type-product","3":"status-publish","4":"has-post-thumbnail","6":"product_cat-selecoes-santa-reliquia","8":"first","9":"instock","10":"taxable","11":"shipping-taxable","12":"purchasable","13":"product-type-simple"},"_links":{"self":[{"href":"https:\/\/santareliquiawines.com\/sv\/wp-json\/wp\/v2\/product\/3008","targetHints":{"allow":["GET"]}}],"collection":[{"href":"https:\/\/santareliquiawines.com\/sv\/wp-json\/wp\/v2\/product"}],"about":[{"href":"https:\/\/santareliquiawines.com\/sv\/wp-json\/wp\/v2\/types\/product"}],"replies":[{"embeddable":true,"href":"https:\/\/santareliquiawines.com\/sv\/wp-json\/wp\/v2\/comments?post=3008"}],"wp:featuredmedia":[{"embeddable":true,"href":"https:\/\/santareliquiawines.com\/sv\/wp-json\/wp\/v2\/media\/3014"}],"wp:attachment":[{"href":"https:\/\/santareliquiawines.com\/sv\/wp-json\/wp\/v2\/media?parent=3008"}],"wp:term":[{"taxonomy":"product_brand","embeddable":true,"href":"https:\/\/santareliquiawines.com\/sv\/wp-json\/wp\/v2\/product_brand?post=3008"},{"taxonomy":"product_cat","embeddable":true,"href":"https:\/\/santareliquiawines.com\/sv\/wp-json\/wp\/v2\/product_cat?post=3008"},{"taxonomy":"product_tag","embeddable":true,"href":"https:\/\/santareliquiawines.com\/sv\/wp-json\/wp\/v2\/product_tag?post=3008"}],"curies":[{"name":"wp","href":"https:\/\/api.w.org\/{rel}","templated":true}]}}