{"id":3132,"date":"2025-07-21T10:00:31","date_gmt":"2025-07-21T10:00:31","guid":{"rendered":"https:\/\/santareliquiawines.com\/?post_type=product&#038;p=3132"},"modified":"2025-07-21T10:14:41","modified_gmt":"2025-07-21T10:14:41","slug":"doc-douro-branco","status":"publish","type":"product","link":"https:\/\/santareliquiawines.com\/sv\/product\/doc-douro-branco\/","title":{"rendered":"DOC Douro Vit"},"content":{"rendered":"<p data-start=\"322\" data-end=\"612\">Detta vita vin fr\u00e5n Douro \u00e4r tillverkat av druvsorterna Gouveio, C\u00f3dega do Larinho, Arinto och Viosinho, odlade i delregionen Baixo Corgo p\u00e5 460 meters h\u00f6jd. Vinet har en citrongul f\u00e4rg, friska blommiga aromer och en l\u00e4tt, fr\u00e4sch smak med bra syra och en l\u00e5ng avslutning.<\/p>","protected":false},"excerpt":{"rendered":"<p>Detta vita vin fr\u00e5n Douro \u00e4r tillverkat av druvsorterna Gouveio, C\u00f3dega do Larinho, Arinto och Viosinho, odlade i delregionen Baixo Corgo p\u00e5 460 meters h\u00f6jd. Vinet har en citrongul f\u00e4rg, friska blommiga aromer och en l\u00e4tt, fr\u00e4sch smak med bra syra och en l\u00e5ng avslutning.<\/p>","protected":false},"featured_media":3138,"comment_status":"open","ping_status":"closed","template":"","meta":{"_eb_attr":"","_joinchat":[]},"product_brand":[],"product_cat":[40],"product_tag":[],"class_list":{"0":"post-3132","1":"product","2":"type-product","3":"status-publish","4":"has-post-thumbnail","6":"product_cat-douro","8":"first","9":"instock","10":"taxable","11":"shipping-taxable","12":"purchasable","13":"product-type-simple"},"_links":{"self":[{"href":"https:\/\/santareliquiawines.com\/sv\/wp-json\/wp\/v2\/product\/3132","targetHints":{"allow":["GET"]}}],"collection":[{"href":"https:\/\/santareliquiawines.com\/sv\/wp-json\/wp\/v2\/product"}],"about":[{"href":"https:\/\/santareliquiawines.com\/sv\/wp-json\/wp\/v2\/types\/product"}],"replies":[{"embeddable":true,"href":"https:\/\/santareliquiawines.com\/sv\/wp-json\/wp\/v2\/comments?post=3132"}],"wp:featuredmedia":[{"embeddable":true,"href":"https:\/\/santareliquiawines.com\/sv\/wp-json\/wp\/v2\/media\/3138"}],"wp:attachment":[{"href":"https:\/\/santareliquiawines.com\/sv\/wp-json\/wp\/v2\/media?parent=3132"}],"wp:term":[{"taxonomy":"product_brand","embeddable":true,"href":"https:\/\/santareliquiawines.com\/sv\/wp-json\/wp\/v2\/product_brand?post=3132"},{"taxonomy":"product_cat","embeddable":true,"href":"https:\/\/santareliquiawines.com\/sv\/wp-json\/wp\/v2\/product_cat?post=3132"},{"taxonomy":"product_tag","embeddable":true,"href":"https:\/\/santareliquiawines.com\/sv\/wp-json\/wp\/v2\/product_tag?post=3132"}],"curies":[{"name":"wp","href":"https:\/\/api.w.org\/{rel}","templated":true}]}}