{"id":3137,"date":"2025-07-21T10:06:43","date_gmt":"2025-07-21T10:06:43","guid":{"rendered":"https:\/\/santareliquiawines.com\/?post_type=product&#038;p=3137"},"modified":"2025-07-21T10:13:19","modified_gmt":"2025-07-21T10:13:19","slug":"doc-douro-rose","status":"publish","type":"product","link":"https:\/\/santareliquiawines.com\/sv\/product\/doc-douro-rose\/","title":{"rendered":"DOC Douro Ros\u00e9"},"content":{"rendered":"<p data-start=\"1058\" data-end=\"1362\">Vin tillverkat av druvsorterna Tinta Roriz, Touriga Franca och Touriga Nacional, odlade i delregionen Baixo Corgo p\u00e5 470 meters h\u00f6jd. Vinet har en rosaf\u00e4rgad ton, friska och blommiga aromer som speglar druvornas ursprung. I munnen \u00e4r det l\u00e4tt, friskt, med god syra och ett ih\u00e5llande avslut.<\/p>","protected":false},"excerpt":{"rendered":"<p>Vin tillverkat av druvsorterna Tinta Roriz, Touriga Franca och Touriga Nacional, odlade i delregionen Baixo Corgo p\u00e5 470 meters h\u00f6jd. Vinet har en rosaf\u00e4rgad ton, friska och blommiga aromer som speglar druvornas ursprung. I munnen \u00e4r det l\u00e4tt, friskt, med god syra och ett ih\u00e5llande avslut.<\/p>","protected":false},"featured_media":3134,"comment_status":"open","ping_status":"closed","template":"","meta":{"_eb_attr":"","_joinchat":[]},"product_brand":[],"product_cat":[40],"product_tag":[],"class_list":{"0":"post-3137","1":"product","2":"type-product","3":"status-publish","4":"has-post-thumbnail","6":"product_cat-douro","8":"first","9":"instock","10":"taxable","11":"shipping-taxable","12":"purchasable","13":"product-type-simple"},"_links":{"self":[{"href":"https:\/\/santareliquiawines.com\/sv\/wp-json\/wp\/v2\/product\/3137","targetHints":{"allow":["GET"]}}],"collection":[{"href":"https:\/\/santareliquiawines.com\/sv\/wp-json\/wp\/v2\/product"}],"about":[{"href":"https:\/\/santareliquiawines.com\/sv\/wp-json\/wp\/v2\/types\/product"}],"replies":[{"embeddable":true,"href":"https:\/\/santareliquiawines.com\/sv\/wp-json\/wp\/v2\/comments?post=3137"}],"wp:featuredmedia":[{"embeddable":true,"href":"https:\/\/santareliquiawines.com\/sv\/wp-json\/wp\/v2\/media\/3134"}],"wp:attachment":[{"href":"https:\/\/santareliquiawines.com\/sv\/wp-json\/wp\/v2\/media?parent=3137"}],"wp:term":[{"taxonomy":"product_brand","embeddable":true,"href":"https:\/\/santareliquiawines.com\/sv\/wp-json\/wp\/v2\/product_brand?post=3137"},{"taxonomy":"product_cat","embeddable":true,"href":"https:\/\/santareliquiawines.com\/sv\/wp-json\/wp\/v2\/product_cat?post=3137"},{"taxonomy":"product_tag","embeddable":true,"href":"https:\/\/santareliquiawines.com\/sv\/wp-json\/wp\/v2\/product_tag?post=3137"}],"curies":[{"name":"wp","href":"https:\/\/api.w.org\/{rel}","templated":true}]}}